{"id":728,"date":"2023-12-06T20:34:44","date_gmt":"2023-12-06T19:34:44","guid":{"rendered":"https:\/\/green-diamond.cz\/domains\/green-diamond.cz\/domains\/green-diamond.online-marketing-expert.cz\/?post_type=product&#038;p=728"},"modified":"2026-02-14T18:09:08","modified_gmt":"2026-02-14T17:09:08","slug":"cbd-kapky-na-spani-15-10-ml","status":"publish","type":"product","link":"https:\/\/green-diamond.cz\/pl\/produkt\/cbd-kapky-na-spani-15-10-ml\/","title":{"rendered":"Green Diamond \u2013 Krople CBD na sen 15% 10 ml"},"content":{"rendered":"<h3 role=\"none\">CBD kapky na span\u00ed 15%, 2500 mg CBD + CBN, 10 ml<\/h3>\n<p>\u00da\u010dinky a slo\u017een\u00ed:\u00a0Na\u0161e CBD kapky na span\u00ed jsou vyrobeny z pe\u010dliv\u011b vybran\u00e9ho certifikovan\u00e9ho organick\u00e9ho konop\u00ed, kter\u00e9 p\u011bstujeme na vlastn\u00ed farm\u011b ve v\u00fdchodn\u00edch \u010cech\u00e1ch. Tento fullspektrum olej obsahuje nejen 10% CBD (kanabidiol) a 5% CBN (kanabinol), ale tak\u00e9 dal\u0161\u00ed p\u0159irozen\u00e9 kanabinoidy, jako jsou CBDA, CBGA a CBC, kter\u00e9 spole\u010dn\u011b p\u0159isp\u00edvaj\u00ed k tzv. entourage efektu \u2013 zes\u00edlen\u00ed \u00fa\u010dink\u016f jednotliv\u00fdch l\u00e1tek d\u00edky jejich synergii.\u00a0\u00da\u010dinky t\u011bchto kanabinoid\u016f spo\u010d\u00edvaj\u00ed p\u0159edev\u0161\u00edm v jejich schopnosti zklidnit mysl, podpo\u0159it hlub\u0161\u00ed relaxaci a pomoci t\u011blu p\u0159i regeneraci b\u011bhem sp\u00e1nku. CBD pom\u00e1h\u00e1 regulovat stres a nap\u011bt\u00ed, zat\u00edmco CBN je zn\u00e1m\u00fd sv\u00fdmi sedativn\u00edmi vlastnostmi, kter\u00e9 usnad\u0148uj\u00ed us\u00edn\u00e1n\u00ed. P\u0159\u00edtomnost dal\u0161\u00edch slo\u017eek, jako jsou CBDA a CBGA, pom\u00e1h\u00e1 harmonizovat t\u011blesn\u00e9 funkce a posiluje celkovou rovnov\u00e1hu organismu.\u00a0Jako nosn\u00fd olej jsme zvolili makov\u00fd olej, kter\u00fd je bohat\u00fd na esenci\u00e1ln\u00ed mastn\u00e9 kyseliny a vitam\u00edny. Tento jemn\u00fd olej zaji\u0161\u0165uje snadnou vst\u0159ebatelnost a z\u00e1rove\u0148 podporuje relaxa\u010dn\u00ed \u00fa\u010dinky konopn\u00fdch v\u00fdta\u017ek\u016f. Kapky jsou d\u00e1le obohaceny o p\u0159\u00edrodn\u00ed v\u00fdta\u017eky z he\u0159m\u00e1nku, kozl\u00edku, levandule, medu\u0148ky a pomeran\u010dov\u00e9 k\u016fry \u2013 bylin zn\u00e1m\u00fdch sv\u00fdmi zklid\u0148uj\u00edc\u00edmi a relaxa\u010dn\u00edmi vlastnostmi.\u00a0Tyto kapky jsou vyr\u00e1b\u011bny s maxim\u00e1ln\u00ed p\u00e9\u010d\u00ed, bez p\u0159idan\u00fdch chemick\u00fdch l\u00e1tek a bez obsahu THC, tak\u017ee nemus\u00edte m\u00edt obavy z psychoaktivn\u00edch \u00fa\u010dink\u016f. D\u00edky \u0161etrn\u00e9mu zpracov\u00e1n\u00ed z\u016fst\u00e1vaj\u00ed v\u0161echny aktivn\u00ed l\u00e1tky v jejich nej\u010dist\u0161\u00ed form\u011b, co\u017e zaji\u0161\u0165uje maxim\u00e1ln\u00ed \u00fa\u010dinnost.\u00a0<strong>W czym mog\u0105 pom\u00f3c te krople nasenne CBD:<\/strong><\/p>\n<ul>\n<li role=\"none\">Uspokaja umys\u0142 - zmniejsza niepok\u00f3j i stres, idealny do relaksu przed snem.<\/li>\n<li role=\"none\">Szybsze zasypianie - CBN i ekstrakty zio\u0142owe (waleriana, lawenda) u\u0142atwiaj\u0105 zasypianie.<\/li>\n<li role=\"none\">Lepsza jako\u015b\u0107 snu - wspomaga g\u0142\u0119bszy, bardziej spokojny sen, poprawiaj\u0105c regeneracj\u0119 organizmu.<\/li>\n<li role=\"none\">Ograniczenie nocnych przebudze\u0144 - Pozw\u00f3l na nieprzerwany, niezak\u0142\u00f3cony sen.<\/li>\n<li role=\"none\">Naturalne wsparcie relaksacyjne - Zio\u0142a takie jak rumianek i melisa uspokajaj\u0105 cia\u0142o i umys\u0142.<\/li>\n<li role=\"none\">Wspieranie regeneracji organizmu - CBD i kannabinoidy przyczyniaj\u0105 si\u0119 do naturalnej regeneracji podczas snu.<\/li>\n<li role=\"none\">Utrzymanie r\u00f3wnowagi cia\u0142a i umys\u0142u - pomagaj\u0105 zharmonizowa\u0107 wewn\u0119trzne procesy w organizmie.<\/li>\n<li role=\"none\">Zmniejszenie uczucia wyczerpania - wysokiej jako\u015bci sen prowadzi do zmniejszenia zm\u0119czenia i poprawia zdolno\u015b\u0107 radzenia sobie ze stresem.<\/li>\n<li role=\"none\">Brak efekt\u00f3w ubocznych - naturalna formu\u0142a bez THC zapewnia bezpieczne i niepsychoaktywne stosowanie.<\/li>\n<\/ul>\n<p>P\u0159\u00edrodn\u00ed \u0161irokospektr\u00e1ln\u00ed konopn\u00fd olej, nenasycen\u00e9 mastn\u00e9 kyseliny, vitam\u00edny (A, B-skupiny, E, C a D), miner\u00e1ly (v\u00e1pn\u00edk, ho\u0159\u010d\u00edk, drasl\u00edk a \u017eelezo), fytosteroly, chlorofyly, karotenoidy, 10% CBD, 5% CBN a stopov\u00e9 prvky CBC, CBG.\u00a0Dopl\u0148uj\u00edc\u00ed informace:<\/p>\n<ul>\n<li role=\"none\">Testowane laboratoryjnie<\/li>\n<li role=\"none\">Odpowiedni dla wegan<\/li>\n<li role=\"none\">CBD 1000 mg<\/li>\n<li role=\"none\">CBN 500 mg<\/li>\n<\/ul>\n<p>Jest to suplement diety w postaci oleju ro\u015blinnego. Produkt nie mo\u017ce by\u0107 stosowany jako substytut zr\u00f3\u017cnicowanej i zbilansowanej diety. Przechowywa\u0107 w miejscu niedost\u0119pnym dla dzieci. W przypadku ci\u0105\u017cy lub karmienia piersi\u0105 nale\u017cy skonsultowa\u0107 si\u0119 z lekarzem. Odpowiedni dla wegan. Przechowywa\u0107 w suchym miejscu, chroni\u0107 przed ciep\u0142em, wilgoci\u0105 i bezpo\u015brednim dzia\u0142aniem promieni s\u0142onecznych. Produkt nie zawiera THC.<\/p>","protected":false},"excerpt":{"rendered":"<h1>Krople CBD na sen 15% 10 ml - CBD Night<\/h1>\n<p>Cierpisz na z\u0142y sen lub d\u0142ugie okresy zasypiania? Nasze <a href=\"https:\/\/green-diamond.cz\/pl\/domains\/green-diamond.cz\/domains\/green-diamond.online-marketing-expert.cz\/kategoria-produktu\/cbd-oleje-a-kapky\/\">krople<\/a> nasenne \u201eCBD Night\u201d mog\u0105 ci pom\u00f3c. Ta unikalna mieszanka kannabinoid\u00f3w i naturalnych ekstrakt\u00f3w z rumianku, waleriany, lawendy, melisy i sk\u00f3rki pomara\u0144czowej promuje spokojny i g\u0142\u0119boki sen.<\/p>\n<p>Podstaw\u0105 tych kropli s\u0105 nasze \u015bwie\u017ce, organiczne konopie indyjskie ze starannie wyselekcjonowanych odmian, kt\u00f3re uprawiamy ekologicznie i pod \u015bcis\u0142\u0105 kontrol\u0105 na naszej w\u0142asnej farmie we wschodnich Czechach. Nie wysy\u0142amy go przez p\u00f3\u0142 \u015bwiata, wi\u0119c mo\u017cesz mie\u0107 pewno\u015b\u0107, \u017ce otrzymujesz tylko najwy\u017csz\u0105 jako\u015b\u0107 i brak THC. Nasz olejek CBD na sen mo\u017ce pom\u00f3c nie tylko w zasypianiu, ale tak\u017ce w poprawie jako\u015bci cyklu snu, dzi\u0119ki czemu po przebudzeniu b\u0119dziesz wypocz\u0119ty i pe\u0142en energii.<\/p>\n<p>Wypr\u00f3buj nasz zio\u0142owy olejek CBD Night i odkryj naturalny spos\u00f3b na lepszy sen i lepsze poranki.<\/p>\n<h2>Zalecane dawkowanie:<\/h2>\n<p>Zacznij od 2-3 kropli wieczorem, najlepiej 30 minut przed snem. Krople nale\u017cy zaaplikowa\u0107 pod j\u0119zyk i pozostawi\u0107 na 60 sekund, a nast\u0119pnie po\u0142kn\u0105\u0107. Zalecana dzienna dawka dla kobiet wynosi 4-8 kropli, a dla m\u0119\u017cczyzn 6-12 kropli. W ci\u0105gu dnia mo\u017cna zacz\u0105\u0107 od 2-4 kropli w celu \u0142agodnego z\u0142agodzenia stresu lub napi\u0119cia, w nocy zaleca si\u0119 przyjmowanie 2-4 kropli w celu poprawy jako\u015bci snu.<\/p>\n<p><a href=\"https:\/\/green-diamond.cz\/pl\/davkovani-cbd-oleju-a-kapek\/\">Dawkowanie<\/a> mo\u017cna stopniowo dostosowywa\u0107 do indywidualnych potrzeb i reakcji organizmu. Je\u015bli dopiero zaczynasz stosowa\u0107 krople CBD, zacznij od ni\u017cszej dawki i obserwuj reakcj\u0119 swojego organizmu. Maksymalna dzienna dawka nie powinna przekracza\u0107 10 kropli, co odpowiada wy\u017cszym dawkom dla os\u00f3b o wi\u0119kszej masie cia\u0142a lub specyficznych potrzebach.<\/p>\n<p><strong>Wskaz\u00f3wka:<\/strong> Aby uzyska\u0107 najlepsze rezultaty, zalecamy regularne przyjmowanie kropli CBD na sen przez co najmniej 2 tygodnie. Organizm potrzebuje czasu, aby przyzwyczai\u0107 si\u0119 do dzia\u0142ania kannabinoid\u00f3w i osi\u0105gn\u0105\u0107 optymalny efekt. Aby uzyska\u0107 maksymalny efekt, spr\u00f3buj ograniczy\u0107 spo\u017cycie kofeiny lub ci\u0119\u017ckich posi\u0142k\u00f3w wieczorem i stw\u00f3rz spokojn\u0105 wieczorn\u0105 rutyn\u0119, aby promowa\u0107 relaks i lepszy sen.<\/p>","protected":false},"featured_media":6657,"comment_status":"open","ping_status":"closed","template":"","meta":[],"product_brand":[75],"product_cat":[23,24],"product_tag":[],"class_list":{"0":"post-728","1":"product","2":"type-product","3":"status-publish","4":"has-post-thumbnail","6":"product_brand-green-diamond","7":"product_cat-cbd","8":"product_cat-cbd-oleje-a-kapky","10":"first","11":"instock","12":"taxable","13":"shipping-taxable","14":"purchasable","15":"product-type-simple"},"_links":{"self":[{"href":"https:\/\/green-diamond.cz\/pl\/wp-json\/wp\/v2\/product\/728","targetHints":{"allow":["GET"]}}],"collection":[{"href":"https:\/\/green-diamond.cz\/pl\/wp-json\/wp\/v2\/product"}],"about":[{"href":"https:\/\/green-diamond.cz\/pl\/wp-json\/wp\/v2\/types\/product"}],"replies":[{"embeddable":true,"href":"https:\/\/green-diamond.cz\/pl\/wp-json\/wp\/v2\/comments?post=728"}],"version-history":[{"count":0,"href":"https:\/\/green-diamond.cz\/pl\/wp-json\/wp\/v2\/product\/728\/revisions"}],"wp:featuredmedia":[{"embeddable":true,"href":"https:\/\/green-diamond.cz\/pl\/wp-json\/wp\/v2\/media\/6657"}],"wp:attachment":[{"href":"https:\/\/green-diamond.cz\/pl\/wp-json\/wp\/v2\/media?parent=728"}],"wp:term":[{"taxonomy":"product_brand","embeddable":true,"href":"https:\/\/green-diamond.cz\/pl\/wp-json\/wp\/v2\/product_brand?post=728"},{"taxonomy":"product_cat","embeddable":true,"href":"https:\/\/green-diamond.cz\/pl\/wp-json\/wp\/v2\/product_cat?post=728"},{"taxonomy":"product_tag","embeddable":true,"href":"https:\/\/green-diamond.cz\/pl\/wp-json\/wp\/v2\/product_tag?post=728"}],"curies":[{"name":"wp","href":"https:\/\/api.w.org\/{rel}","templated":true}]}}