{"id":677,"date":"2023-12-05T19:40:19","date_gmt":"2023-12-05T18:40:19","guid":{"rendered":"https:\/\/green-diamond.cz\/domains\/green-diamond.cz\/domains\/green-diamond.online-marketing-expert.cz\/?post_type=product&#038;p=677"},"modified":"2026-03-10T23:50:52","modified_gmt":"2026-03-10T22:50:52","slug":"white-widow-cbd-kvety","status":"publish","type":"product","link":"https:\/\/green-diamond.cz\/pl\/produkt\/white-widow-cbd-kvety\/","title":{"rendered":"Green Diamond White Widow \u2013 Kwiaty CBD z THC do 1%"},"content":{"rendered":"<h3>White widow CBD kwiaty<\/h3>\n<p>Nasz White Widow CBD to wysokiej jako\u015bci suszone kwiaty konopi pochodz\u0105ce z upraw ekologicznych. Ta odmiana z przewag\u0105 indici ma wyra\u017any smak konopi, drzewny aromat i zwart\u0105 struktur\u0119.<\/p>\n<ul>\n<li>Zawarto\u015b\u0107 CBD 10%<\/li>\n<li>Zawarto\u015b\u0107 THC poni\u017cej 0,2% (spe\u0142nia normy prawne)<\/li>\n<\/ul>\n<p>Sprzeda\u017c zabroniona osobom poni\u017cej 18 roku \u017cycia<\/p>\n<p>Produkt do zastosowa\u0144 technicznych i laboratoryjnych, np. dla rolnik\u00f3w i uczelni<\/p>\n<p>Zgodnie z ustaw\u0105 nr 167\/1998, \u00a7 5, produkt ten przeznaczony jest wy\u0142\u0105cznie do cel\u00f3w przemys\u0142owych, technicznych i ogrodniczych. Nie jest przeznaczony do bezpo\u015bredniego spo\u017cycia i palenia. Produkt podlega naturalnej utracie wagi. Sprzeda\u017c jest ograniczona do os\u00f3b poni\u017cej 18 roku \u017cycia. Trzyma\u0107 poza zasi\u0119giem dzieci.<\/p>","protected":false},"excerpt":{"rendered":"<h1>White Widow \u2013 Kwiaty CBD<\/h1>\n<p>White Widow to hybrydowa odmiana konopi z wi\u0119kszym udzia\u0142em rodzaju indica. Znana jest z po\u0142\u0105czenia klasycznej struktury kwiatu skunksa, mocnego smaku konopi i drzewnego aromatu. Ta wszechstronna odmiana jest idealna do r\u00f3\u017cnorodnych zaj\u0119\u0107 w ci\u0105gu dnia i wieczorem i charakteryzuje si\u0119 wysok\u0105 produkcj\u0105 \u017cywicy.<\/p>","protected":false},"featured_media":6664,"comment_status":"open","ping_status":"closed","template":"","meta":[],"product_brand":[75],"product_cat":[36,23],"product_tag":[],"class_list":{"0":"post-677","1":"product","2":"type-product","3":"status-publish","4":"has-post-thumbnail","6":"product_brand-green-diamond","7":"product_cat-cbd-kvety","8":"product_cat-cbd","10":"first","11":"instock","12":"taxable","13":"shipping-taxable","14":"purchasable","15":"product-type-variable"},"_links":{"self":[{"href":"https:\/\/green-diamond.cz\/pl\/wp-json\/wp\/v2\/product\/677","targetHints":{"allow":["GET"]}}],"collection":[{"href":"https:\/\/green-diamond.cz\/pl\/wp-json\/wp\/v2\/product"}],"about":[{"href":"https:\/\/green-diamond.cz\/pl\/wp-json\/wp\/v2\/types\/product"}],"replies":[{"embeddable":true,"href":"https:\/\/green-diamond.cz\/pl\/wp-json\/wp\/v2\/comments?post=677"}],"version-history":[{"count":0,"href":"https:\/\/green-diamond.cz\/pl\/wp-json\/wp\/v2\/product\/677\/revisions"}],"wp:featuredmedia":[{"embeddable":true,"href":"https:\/\/green-diamond.cz\/pl\/wp-json\/wp\/v2\/media\/6664"}],"wp:attachment":[{"href":"https:\/\/green-diamond.cz\/pl\/wp-json\/wp\/v2\/media?parent=677"}],"wp:term":[{"taxonomy":"product_brand","embeddable":true,"href":"https:\/\/green-diamond.cz\/pl\/wp-json\/wp\/v2\/product_brand?post=677"},{"taxonomy":"product_cat","embeddable":true,"href":"https:\/\/green-diamond.cz\/pl\/wp-json\/wp\/v2\/product_cat?post=677"},{"taxonomy":"product_tag","embeddable":true,"href":"https:\/\/green-diamond.cz\/pl\/wp-json\/wp\/v2\/product_tag?post=677"}],"curies":[{"name":"wp","href":"https:\/\/api.w.org\/{rel}","templated":true}]}}