{"id":640,"date":"2023-12-05T11:29:39","date_gmt":"2023-12-05T10:29:39","guid":{"rendered":"https:\/\/green-diamond.cz\/domains\/green-diamond.cz\/domains\/green-diamond.online-marketing-expert.cz\/?post_type=product&#038;p=640"},"modified":"2025-10-17T04:42:34","modified_gmt":"2025-10-17T02:42:34","slug":"royal-cheese-cbd-kvety","status":"publish","type":"product","link":"https:\/\/green-diamond.cz\/pl\/produkt\/royal-cheese-cbd-kvety\/","title":{"rendered":"Green Diamond Royal Cheese \u2013 Kwiaty CBD z THC do 1%"},"content":{"rendered":"<h3>Royal Cheese CBD kwiaty<\/h3>\n<ul>\n<li>CBD oko\u0142o 10%<\/li>\n<li>THC poni\u017cej 0,20%<\/li>\n<li>Genetyka: Lambada x Kompolty x Kompolty x Carmagnola<\/li>\n<li>Sativa 70 % Indica 30 %<\/li>\n<li>Brak efekt\u00f3w psychoaktywnych<\/li>\n<li>Uprawiana metodami ekologicznymi<\/li>\n<li>\u017badnych pestycyd\u00f3w<\/li>\n<\/ul>\n<p>Sprzeda\u017c zabroniona osobom poni\u017cej 18 roku \u017cycia<\/p>\n<p>Produkt do zastosowa\u0144 technicznych i laboratoryjnych, np. dla rolnik\u00f3w i uczelni<\/p>\n<p>Zgodnie z ustaw\u0105 nr 167\/1998, \u00a7 5, produkt ten przeznaczony jest wy\u0142\u0105cznie do cel\u00f3w przemys\u0142owych, technicznych i ogrodniczych. Nie jest przeznaczony do bezpo\u015bredniego spo\u017cycia i palenia. Produkt podlega naturalnej utracie wagi. Sprzeda\u017c jest ograniczona do os\u00f3b poni\u017cej 18 roku \u017cycia. Trzyma\u0107 poza zasi\u0119giem dzieci.<\/p>","protected":false},"excerpt":{"rendered":"<h1>Royal Cheese CBD kwiaty<\/h1>\n<p>Royal Cheese CBD to legalne kwiaty marihuany o wysokiej zawarto\u015bci CBD (oko\u0142o 10%). Lambada x Kompolty x Kompolty 1 x Carmagnola Sell dzi\u0119ki swojej genetyce oferuje jasnozielone p\u0105ki o fioletowych odcieniach, g\u0119stym aromacie i intensywnym smaku, przypominaj\u0105cym ser i skunks. Jako odmiana hybrydowa o wy\u017cszej zawarto\u015bci sativy wywo\u0142uje poczucie szcz\u0119\u015bcia i jest idealna do kreatywnych dzia\u0142a\u0144.<\/p>","protected":false},"featured_media":6665,"comment_status":"closed","ping_status":"closed","template":"","meta":[],"product_brand":[75],"product_cat":[23,36],"product_tag":[],"class_list":{"0":"post-640","1":"product","2":"type-product","3":"status-publish","4":"has-post-thumbnail","6":"product_brand-green-diamond","7":"product_cat-cbd","8":"product_cat-cbd-kvety","10":"first","11":"instock","12":"taxable","13":"shipping-taxable","14":"purchasable","15":"product-type-variable"},"_links":{"self":[{"href":"https:\/\/green-diamond.cz\/pl\/wp-json\/wp\/v2\/product\/640","targetHints":{"allow":["GET"]}}],"collection":[{"href":"https:\/\/green-diamond.cz\/pl\/wp-json\/wp\/v2\/product"}],"about":[{"href":"https:\/\/green-diamond.cz\/pl\/wp-json\/wp\/v2\/types\/product"}],"replies":[{"embeddable":true,"href":"https:\/\/green-diamond.cz\/pl\/wp-json\/wp\/v2\/comments?post=640"}],"version-history":[{"count":0,"href":"https:\/\/green-diamond.cz\/pl\/wp-json\/wp\/v2\/product\/640\/revisions"}],"wp:featuredmedia":[{"embeddable":true,"href":"https:\/\/green-diamond.cz\/pl\/wp-json\/wp\/v2\/media\/6665"}],"wp:attachment":[{"href":"https:\/\/green-diamond.cz\/pl\/wp-json\/wp\/v2\/media?parent=640"}],"wp:term":[{"taxonomy":"product_brand","embeddable":true,"href":"https:\/\/green-diamond.cz\/pl\/wp-json\/wp\/v2\/product_brand?post=640"},{"taxonomy":"product_cat","embeddable":true,"href":"https:\/\/green-diamond.cz\/pl\/wp-json\/wp\/v2\/product_cat?post=640"},{"taxonomy":"product_tag","embeddable":true,"href":"https:\/\/green-diamond.cz\/pl\/wp-json\/wp\/v2\/product_tag?post=640"}],"curies":[{"name":"wp","href":"https:\/\/api.w.org\/{rel}","templated":true}]}}