{"id":518,"date":"2023-12-03T18:58:18","date_gmt":"2023-12-03T17:58:18","guid":{"rendered":"https:\/\/green-diamond.cz\/domains\/green-diamond.cz\/domains\/green-diamond.online-marketing-expert.cz\/?post_type=product&#038;p=518"},"modified":"2026-03-05T17:07:52","modified_gmt":"2026-03-05T16:07:52","slug":"konopny-olej-cbd-10-1000-mg-10-ml","status":"publish","type":"product","link":"https:\/\/green-diamond.cz\/pl\/produkt\/konopny-olej-cbd-10-1000-mg-10-ml\/","title":{"rendered":"Green Diamond \u2013 Olejek konopny CBD 10 % (1000 mg), 10 ml"},"content":{"rendered":"<h3 role=\"none\">Olej konopny CBD 10%, 1000 mg CBD, 10 ml<\/h3>\n<div class=\"ns4p8fja j83agx80 cbu4d94t a6sixzi8 bkfpd7mw d2edcug0 buofh1pr nred35xi\" role=\"none\">Sk\u0142adniki: naturalny organiczny olej konopny, destylat CBD o pe\u0142nym spektrum dzia\u0142ania, nienasycone kwasy t\u0142uszczowe, witaminy (A, B, E, C i D), minera\u0142y (wap\u0144, magnez, potas i \u017celazo), fitosterole, chlorofile, karotenoidy i \u015bladowe ilo\u015bci pierwiastk\u00f3w CBC , CBG, CBN.<\/div>\n<div class=\"ns4p8fja j83agx80 cbu4d94t a6sixzi8 bkfpd7mw d2edcug0 buofh1pr nred35xi\" role=\"none\"><\/div>\n<div class=\"ns4p8fja j83agx80 cbu4d94t a6sixzi8 bkfpd7mw d2edcug0 buofh1pr nred35xi\" role=\"none\">Przechowywa\u0107 w ch\u0142odnym, suchym i ciemnym miejscu.<\/div>","protected":false},"excerpt":{"rendered":"<h1>Green Diamond \u2013 Olej konopny CBD 10 %<\/h1>\n<p>Olej konopny full spectrum<span style=\"font-size: 16px; font-style: normal; font-weight: 400;\">\u00a0<\/span><span style=\"font-size: 16px; font-style: normal; font-weight: 400;\">CBD<\/span><span style=\"font-size: 16px;\"> 10% &#8211; 1000 mg, 10 ml<\/span><\/p>","protected":false},"featured_media":6658,"comment_status":"open","ping_status":"closed","template":"","meta":[],"product_brand":[75],"product_cat":[23,24],"product_tag":[],"class_list":{"0":"post-518","1":"product","2":"type-product","3":"status-publish","4":"has-post-thumbnail","6":"product_brand-green-diamond","7":"product_cat-cbd","8":"product_cat-cbd-oleje-a-kapky","10":"first","11":"instock","12":"taxable","13":"shipping-taxable","14":"purchasable","15":"product-type-simple"},"_links":{"self":[{"href":"https:\/\/green-diamond.cz\/pl\/wp-json\/wp\/v2\/product\/518","targetHints":{"allow":["GET"]}}],"collection":[{"href":"https:\/\/green-diamond.cz\/pl\/wp-json\/wp\/v2\/product"}],"about":[{"href":"https:\/\/green-diamond.cz\/pl\/wp-json\/wp\/v2\/types\/product"}],"replies":[{"embeddable":true,"href":"https:\/\/green-diamond.cz\/pl\/wp-json\/wp\/v2\/comments?post=518"}],"version-history":[{"count":0,"href":"https:\/\/green-diamond.cz\/pl\/wp-json\/wp\/v2\/product\/518\/revisions"}],"wp:featuredmedia":[{"embeddable":true,"href":"https:\/\/green-diamond.cz\/pl\/wp-json\/wp\/v2\/media\/6658"}],"wp:attachment":[{"href":"https:\/\/green-diamond.cz\/pl\/wp-json\/wp\/v2\/media?parent=518"}],"wp:term":[{"taxonomy":"product_brand","embeddable":true,"href":"https:\/\/green-diamond.cz\/pl\/wp-json\/wp\/v2\/product_brand?post=518"},{"taxonomy":"product_cat","embeddable":true,"href":"https:\/\/green-diamond.cz\/pl\/wp-json\/wp\/v2\/product_cat?post=518"},{"taxonomy":"product_tag","embeddable":true,"href":"https:\/\/green-diamond.cz\/pl\/wp-json\/wp\/v2\/product_tag?post=518"}],"curies":[{"name":"wp","href":"https:\/\/api.w.org\/{rel}","templated":true}]}}