{"id":4984,"date":"2024-10-23T08:36:37","date_gmt":"2024-10-23T06:36:37","guid":{"rendered":"https:\/\/green-diamond.cz\/domains\/green-diamond.cz\/domains\/green-diamond.online-marketing-expert.cz\/?post_type=product&#038;p=4984"},"modified":"2025-10-17T04:37:50","modified_gmt":"2025-10-17T02:37:50","slug":"drizzle-cbd-kvety","status":"publish","type":"product","link":"https:\/\/green-diamond.cz\/pl\/produkt\/drizzle-cbd-kvety\/","title":{"rendered":"Green Diamond Drizzle \u2013 Kwiaty CBD z THC do 1%"},"content":{"rendered":"<p>Zawarto\u015b\u0107 CBD: 13,15%<br \/>\nZawarto\u015b\u0107 THC: 0,03%<\/p>\n<p>Zawarto\u015b\u0107 terpen\u00f3w:<\/p>\n<ul>\n<li>Limonen (cytrusowy) \u2013 0,3%<\/li>\n<li>\u03b1-Pinen (sosnowy) \u2013 1,4%<\/li>\n<li>\u03b2-Kariofylen (korzenny) \u2013 0,4%<\/li>\n<li>Myrcen (ziemisto-s\u0142odki) \u2013 0,37%<\/li>\n<li>Linalol (kwiatowy) \u2013 0,55%<\/li>\n<\/ul>\n<p>&nbsp;<\/p>\n<p>Zakaz sprzeda\u017cy osobom poni\u017cej 18 roku \u017cycia.<\/p>\n<p>Produkt do zastosowa\u0144 technicznych i laboratoryjnych, na przyk\u0142ad dla rolnik\u00f3w i uczelni.<\/p>\n<p>Zgodnie z ustaw\u0105 nr 167\/1998, \u00a7 5, produkt ten przeznaczony jest wy\u0142\u0105cznie do cel\u00f3w przemys\u0142owych, technicznych i ogrodniczych. Nie jest przeznaczony do bezpo\u015bredniego spo\u017cycia i palenia. Produkt podlega naturalnej utracie wagi. Sprzeda\u017c jest ograniczona do os\u00f3b poni\u017cej 18 roku \u017cycia. Trzyma\u0107 poza zasi\u0119giem dzieci.<\/p>","protected":false},"excerpt":{"rendered":"<h1>Drizzle CBD \u2013 Cytrynowo-korzenny klejnot z uprawy indoor<\/h1>\n<p>Drizzle to odmiana indoor, kt\u00f3ra szybko staje si\u0119 prawdziwym klejnotem w \u015bwiecie konopi. Terpeny zawarte w tej odmianie uwalniaj\u0105 intensywny aromat o korzennych nutach i orze\u017awiaj\u0105cym, cytrynowym akcencie, co czyni j\u0105 naprawd\u0119 wyj\u0105tkowym do\u015bwiadczeniem. Genetycznie wywodzi si\u0119 z starannie wyselekcjonowanych nasion Merlot CBD i dzieli swoje korzenie z legendarn\u0105 Purple Haze. Drizzle wyr\u00f3\u017cnia si\u0119 jednak fenomenalnym smakiem, kt\u00f3ry \u015bmia\u0142o mo\u017cna por\u00f3wna\u0107 z premiumowymi kalifornijskimi kwiatami THC. W naszym sklepie to bez w\u0105tpienia jedne z najlepszych. <a href=\"https:\/\/green-diamond.cz\/pl\/domains\/green-diamond.cz\/domains\/green-diamond.online-marketing-expert.cz\/kategoria-produktu\/cbd-kvety\/\">kv\u011bt\u016f<\/a>, kter\u00e9 v\u00e1s p\u0159ekvap\u00ed p\u0159i ka\u017ed\u00e9m ochutn\u00e1n\u00ed.<\/p>","protected":false},"featured_media":6661,"comment_status":"closed","ping_status":"closed","template":"","meta":[],"product_brand":[75],"product_cat":[23,36],"product_tag":[],"class_list":{"0":"post-4984","1":"product","2":"type-product","3":"status-publish","4":"has-post-thumbnail","6":"product_brand-green-diamond","7":"product_cat-cbd","8":"product_cat-cbd-kvety","10":"first","11":"instock","12":"taxable","13":"shipping-taxable","14":"purchasable","15":"product-type-variable"},"_links":{"self":[{"href":"https:\/\/green-diamond.cz\/pl\/wp-json\/wp\/v2\/product\/4984","targetHints":{"allow":["GET"]}}],"collection":[{"href":"https:\/\/green-diamond.cz\/pl\/wp-json\/wp\/v2\/product"}],"about":[{"href":"https:\/\/green-diamond.cz\/pl\/wp-json\/wp\/v2\/types\/product"}],"replies":[{"embeddable":true,"href":"https:\/\/green-diamond.cz\/pl\/wp-json\/wp\/v2\/comments?post=4984"}],"version-history":[{"count":0,"href":"https:\/\/green-diamond.cz\/pl\/wp-json\/wp\/v2\/product\/4984\/revisions"}],"wp:featuredmedia":[{"embeddable":true,"href":"https:\/\/green-diamond.cz\/pl\/wp-json\/wp\/v2\/media\/6661"}],"wp:attachment":[{"href":"https:\/\/green-diamond.cz\/pl\/wp-json\/wp\/v2\/media?parent=4984"}],"wp:term":[{"taxonomy":"product_brand","embeddable":true,"href":"https:\/\/green-diamond.cz\/pl\/wp-json\/wp\/v2\/product_brand?post=4984"},{"taxonomy":"product_cat","embeddable":true,"href":"https:\/\/green-diamond.cz\/pl\/wp-json\/wp\/v2\/product_cat?post=4984"},{"taxonomy":"product_tag","embeddable":true,"href":"https:\/\/green-diamond.cz\/pl\/wp-json\/wp\/v2\/product_tag?post=4984"}],"curies":[{"name":"wp","href":"https:\/\/api.w.org\/{rel}","templated":true}]}}