{"id":4820,"date":"2024-10-07T11:37:16","date_gmt":"2024-10-07T09:37:16","guid":{"rendered":"https:\/\/green-diamond.cz\/domains\/green-diamond.cz\/domains\/green-diamond.online-marketing-expert.cz\/?post_type=product&#038;p=4820"},"modified":"2025-10-17T07:11:48","modified_gmt":"2025-10-17T05:11:48","slug":"skleneny-bong-thug-life","status":"publish","type":"product","link":"https:\/\/green-diamond.cz\/pl\/produkt\/skleneny-bong-thug-life\/","title":{"rendered":"Thug Life \u2013 Szklany bong 21 cm"},"content":{"rendered":"<h2>Szklany bong \u2013 21 cm<\/h2>\n<ul>\n<li>KOLOR: czarny<\/li>\n<li>WYSOKO\u015a\u0106: 21 cm<\/li>\n<li>\u015aREDNICA: 40 mm<\/li>\n<li>LOGO: Thug Life<\/li>\n<\/ul>","protected":false},"excerpt":{"rendered":"<h1>Szklany bong \u2013 Thug Life<\/h1>\n<p>Odkryj magi\u0119 palenia z tym szklanym bongiem. Ten elegancki bong o nowoczesnym designie Thug Life doda Twojemu do\u015bwiadczeniu stylu. Wykonany z wysokiej jako\u015bci szk\u0142a, dzi\u0119ki szerokiemu ustnikowi jest \u0142atwy w nape\u0142nianiu i czyszczeniu. Zapewnia g\u0142adkie i ch\u0142odne zaci\u0105gni\u0119cia, kt\u00f3re podkre\u015blaj\u0105 smak Twoich ulubionych zi\u00f3\u0142. Jest lekki i \u0142atwy do przenoszenia \u2013 idealny zar\u00f3wno do domowego relaksu, jak i w podr\u00f3\u017cy.<\/p>\n<p>Zafunduj sobie wyj\u0105tkowe do\u015bwiadczenie z naszym szklanym bongiem i odkryj nowy wymiar palenia!<\/p>","protected":false},"featured_media":6686,"comment_status":"closed","ping_status":"closed","template":"","meta":[],"product_brand":[78],"product_cat":[25],"product_tag":[],"class_list":{"0":"post-4820","1":"product","2":"type-product","3":"status-publish","4":"has-post-thumbnail","6":"product_brand-thug-life","7":"product_cat-prislusenstvi","9":"first","10":"instock","11":"taxable","12":"shipping-taxable","13":"purchasable","14":"product-type-simple"},"_links":{"self":[{"href":"https:\/\/green-diamond.cz\/pl\/wp-json\/wp\/v2\/product\/4820","targetHints":{"allow":["GET"]}}],"collection":[{"href":"https:\/\/green-diamond.cz\/pl\/wp-json\/wp\/v2\/product"}],"about":[{"href":"https:\/\/green-diamond.cz\/pl\/wp-json\/wp\/v2\/types\/product"}],"replies":[{"embeddable":true,"href":"https:\/\/green-diamond.cz\/pl\/wp-json\/wp\/v2\/comments?post=4820"}],"version-history":[{"count":0,"href":"https:\/\/green-diamond.cz\/pl\/wp-json\/wp\/v2\/product\/4820\/revisions"}],"wp:featuredmedia":[{"embeddable":true,"href":"https:\/\/green-diamond.cz\/pl\/wp-json\/wp\/v2\/media\/6686"}],"wp:attachment":[{"href":"https:\/\/green-diamond.cz\/pl\/wp-json\/wp\/v2\/media?parent=4820"}],"wp:term":[{"taxonomy":"product_brand","embeddable":true,"href":"https:\/\/green-diamond.cz\/pl\/wp-json\/wp\/v2\/product_brand?post=4820"},{"taxonomy":"product_cat","embeddable":true,"href":"https:\/\/green-diamond.cz\/pl\/wp-json\/wp\/v2\/product_cat?post=4820"},{"taxonomy":"product_tag","embeddable":true,"href":"https:\/\/green-diamond.cz\/pl\/wp-json\/wp\/v2\/product_tag?post=4820"}],"curies":[{"name":"wp","href":"https:\/\/api.w.org\/{rel}","templated":true}]}}