{"id":4057,"date":"2024-08-14T09:11:24","date_gmt":"2024-08-14T07:11:24","guid":{"rendered":"https:\/\/green-diamond.cz\/domains\/green-diamond.cz\/domains\/green-diamond.online-marketing-expert.cz\/?post_type=product&#038;p=4057"},"modified":"2025-10-17T06:52:11","modified_gmt":"2025-10-17T04:52:11","slug":"reishi-podpora-imunity-a-zdraveho-obehu","status":"publish","type":"product","link":"https:\/\/green-diamond.cz\/pl\/produkt\/reishi-podpora-imunity-a-zdraveho-obehu\/","title":{"rendered":"MycoMedica Reishi \u2013 Wsparcie odporno\u015bci i zdrowego kr\u0105\u017cenia"},"content":{"rendered":"<h2>Reishi &#8211; Podpora imunity a zdrav\u00e9ho ob\u011bhu<\/h2>\n<p class=\"al\"><strong>Zawarto\u015b\u0107 opakowania:\u00a0<\/strong>90 kapsu\u0142ek ro\u015blinnych zawieraj\u0105cych 500 mg ekstraktu (odpowiednie r\u00f3wnie\u017c dla wegan)<\/p>\n<p class=\"al\"><strong>Waga opakowania netto:\u00a0<\/strong>53g<\/p>\n<p class=\"al\"><strong>Sk\u0142adniki w 1 kapsu\u0142ce:<\/strong><\/p>\n<div class=\"al\">\n<p><strong>Reishi<\/strong>\u00a0(lakownica l\u015bni\u0105ca,<i>\u00a0Ganoderma lucidum)<\/i>\u00a0100% czysty ekstrakt \u2013 500 mg<\/p>\n<p>&nbsp;<\/p>\n<div class=\"ac\">\n<div class=\"al\"><strong>Sk\u0142adniki bioaktywne:<\/strong><strong>\u00a0<\/strong><\/div>\n<\/div>\n<div>\n<ul>\n<li class=\"al\">Polisacharydy \u2013 \u03b2-1,3 i \u03b2-1,6-D glukany<\/li>\n<li class=\"al\">Zwi\u0105zki terpenowe<\/li>\n<li class=\"al\">W\u0119glowodany<\/li>\n<li class=\"al\">Kwasy t\u0142uszczowe<\/li>\n<li class=\"al\">Aminokwasy, peptydy, bia\u0142ka<\/li>\n<li class=\"al\">Nukleozydy i nukleotydy<\/li>\n<li class=\"al\">Sterole<\/li>\n<li class=\"al\">Zwi\u0105zki fenolowe<\/li>\n<li class=\"al\">Minera\u0142y i pierwiastki \u015bladowe<\/li>\n<li class=\"al\">Witaminy B, D<\/li>\n<li class=\"al\">Lucydolaktony A, B oraz alkaloidy lucydymine A\u2013D<\/li>\n<\/ul>\n<\/div>\n<div class=\"al\">Nie zawiera kofeiny, glutenu, konserwant\u00f3w, barwnik\u00f3w ani cukru.<\/div>\n<div class=\"al\">\n<div class=\"al\">\n<div><\/div>\n<div>\n<div class=\"al\">\n<div class=\"al\"><strong>Zatwierdzone o\u015bwiadczenia zdrowotne zgodnie z obowi\u0105zuj\u0105cymi przepisami UE:<\/strong><\/div>\n<div class=\"al\"><strong>\u00a0<\/strong><\/div>\n<div class=\"al\">\n<p><strong>Lakownica l\u015bni\u0105ca<\/strong>\u00a0(Reishi,\u00a0<i>Ganoderma lucidum<\/i>)<\/p>\n<ul>\n<li>Naturalne mechanizmy obronne - uk\u0142ad odporno\u015bciowy<\/li>\n<li>Prawid\u0142owe funkcjonowanie uk\u0142adu kr\u0105\u017cenia<\/li>\n<\/ul>\n<\/div>\n<\/div>\n<\/div>\n<\/div>\n<\/div>\n<\/div>","protected":false},"excerpt":{"rendered":"<h1>Reishi<\/h1>\n<div class=\"flex max-w-full flex-col flex-grow\">\n<div class=\"min-h-[20px] text-message flex w-full flex-col items-end gap-2 whitespace-pre-wrap break-words [.text-message+&amp;]:mt-5 overflow-x-auto\" dir=\"auto\" data-message-author-role=\"assistant\" data-message-id=\"7c1107e7-94e2-4deb-b867-7bf89a39e111\">\n<div class=\"flex w-full flex-col gap-1 empty:hidden first:pt-[3px]\">\n<div class=\"markdown prose w-full break-words dark:prose-invert dark\">\n<p>Vit\u00e1ln\u00ed houba Reishi (lesklokorka leskl\u00e1, Ganoderma lucidum) posiluje p\u0159irozenou imunitu a vitalitu, p\u0159isp\u00edv\u00e1 k udr\u017een\u00ed spr\u00e1vn\u00e9 \u010dinnosti kardiovaskul\u00e1rn\u00edho syst\u00e9mu a z\u00e1rove\u0148 napom\u00e1h\u00e1 udr\u017een\u00ed vyv\u00e1\u017een\u00e9 hladiny cholesterolu p\u0159irozen\u00fdmi metodami. Reishi je zpracov\u00e1v\u00e1na metodou dvojit\u00e9 extrakce.<\/p>\n<\/div>\n<p>Sou\u010dasn\u00e9 p\u0159edpisy omezuj\u00ed zve\u0159ej\u0148ov\u00e1n\u00ed informac\u00ed o \u00fa\u010dinc\u00edch dopl\u0148k\u016f stravy. Voln\u011b p\u0159\u00edstupn\u00e9 zdroje informac\u00ed o houb\u00e1ch a bylin\u00e1ch (nap\u0159. herb\u00e1\u0159e), kter\u00e9 si m\u016f\u017eete vyhledat nap\u0159\u00edklad <a href=\"https:\/\/www.cestazelvy.cz\/encyklopedie-vitalni-houby.html\">zde<\/a>, nejsou t\u011bmito p\u0159edpisy ovlivn\u011bny.<\/p>\n<\/div>\n<\/div>\n<\/div>\n","protected":false},"featured_media":6669,"comment_status":"closed","ping_status":"closed","template":"","meta":[],"product_brand":[77],"product_cat":[70,69],"product_tag":[],"class_list":{"0":"post-4057","1":"product","2":"type-product","3":"status-publish","4":"has-post-thumbnail","6":"product_brand-mycomedica","7":"product_cat-doplnky-stravy","8":"product_cat-vitalni-houby","10":"first","11":"instock","12":"taxable","13":"shipping-taxable","14":"purchasable","15":"product-type-simple"},"_links":{"self":[{"href":"https:\/\/green-diamond.cz\/pl\/wp-json\/wp\/v2\/product\/4057","targetHints":{"allow":["GET"]}}],"collection":[{"href":"https:\/\/green-diamond.cz\/pl\/wp-json\/wp\/v2\/product"}],"about":[{"href":"https:\/\/green-diamond.cz\/pl\/wp-json\/wp\/v2\/types\/product"}],"replies":[{"embeddable":true,"href":"https:\/\/green-diamond.cz\/pl\/wp-json\/wp\/v2\/comments?post=4057"}],"version-history":[{"count":0,"href":"https:\/\/green-diamond.cz\/pl\/wp-json\/wp\/v2\/product\/4057\/revisions"}],"wp:featuredmedia":[{"embeddable":true,"href":"https:\/\/green-diamond.cz\/pl\/wp-json\/wp\/v2\/media\/6669"}],"wp:attachment":[{"href":"https:\/\/green-diamond.cz\/pl\/wp-json\/wp\/v2\/media?parent=4057"}],"wp:term":[{"taxonomy":"product_brand","embeddable":true,"href":"https:\/\/green-diamond.cz\/pl\/wp-json\/wp\/v2\/product_brand?post=4057"},{"taxonomy":"product_cat","embeddable":true,"href":"https:\/\/green-diamond.cz\/pl\/wp-json\/wp\/v2\/product_cat?post=4057"},{"taxonomy":"product_tag","embeddable":true,"href":"https:\/\/green-diamond.cz\/pl\/wp-json\/wp\/v2\/product_tag?post=4057"}],"curies":[{"name":"wp","href":"https:\/\/api.w.org\/{rel}","templated":true}]}}