{"id":4054,"date":"2024-08-14T08:22:36","date_gmt":"2024-08-14T06:22:36","guid":{"rendered":"https:\/\/green-diamond.cz\/domains\/green-diamond.cz\/domains\/green-diamond.online-marketing-expert.cz\/?post_type=product&#038;p=4054"},"modified":"2025-10-17T06:53:03","modified_gmt":"2025-10-17T04:53:03","slug":"curcumin-podpora-detoxikace-a-harmonie","status":"publish","type":"product","link":"https:\/\/green-diamond.cz\/pl\/produkt\/curcumin-podpora-detoxikace-a-harmonie\/","title":{"rendered":"MycoMedica Curcumin \u2013 Wsparcie detoksykacji i harmonii"},"content":{"rendered":"<h2>Curcumin \u2013 Wsparcie detoksykacji i harmonii<\/h2>\n<p class=\"al\"><strong>Zawarto\u015b\u0107 opakowania:\u00a0<\/strong>120 kapsu\u0142ek ro\u015blinnych po 344 mg ekstraktu (odpowiednie r\u00f3wnie\u017c dla wegan)<\/p>\n<p class=\"al\"><strong>Sk\u0142adniki w 1 kapsu\u0142ce:<\/strong><\/p>\n<p class=\"al\"><strong>Curcumin<\/strong><strong>\u00a0<\/strong>95% ekstrakt z kurkumy d\u0142ugiej (Demetoksykurkumina: 15\u201325%, Bisdemetoksykurkumina: 2,5\u20136,5%)<strong>\u00a0<\/strong><strong>&#8211; 300mg<\/strong><\/p>\n<p class=\"al\"><strong>Piperin<\/strong><strong>\u00a0<\/strong>95% ekstrakt z pieprzu \u2013<strong>\u00a0<\/strong><strong>4mg<\/strong><\/p>\n<p class=\"al\"><strong>Quercetin<\/strong><strong>\u00a0<\/strong>30% ekstrakt z cebuli \u2013<strong>\u00a0<\/strong><strong>40mg<\/strong><\/p>\n<p class=\"al\">Nie zawiera kofeiny, glutenu, konserwant\u00f3w, barwnik\u00f3w ani cukru.<\/p>\n<p class=\"al\"><strong>Waga opakowania netto:\u00a0<\/strong>52,7g<\/p>\n<p class=\"al\"><strong>Zatwierdzone o\u015bwiadczenia zdrowotne zgodnie z obowi\u0105zuj\u0105cymi przepisami UE:<\/strong><\/p>\n<p class=\"al\"><strong>Kurkuma dlouh\u00e1<\/strong>\u00a0(szafran indyjski,\u00a0<em>Curcuma longa<\/em>)<\/p>\n<ul>\n<li class=\"al\">Prawid\u0142owe trawienie<\/li>\n<li class=\"al\">Prawid\u0142owe funkcjonowanie w\u0105troby<\/li>\n<li class=\"al\">Prawid\u0142owy stan staw\u00f3w<\/li>\n<li class=\"al\">Prawid\u0142owe funkcjonowanie w\u0105troby \u2013 lipidy w\u0105trobowe<\/li>\n<\/ul>","protected":false},"excerpt":{"rendered":"<h1>Curcumin<\/h1>\n<p>Curcumin (kurkuma d\u0142uga, Curcuma longa) jest stosowany w tradycyjnej medycynie chi\u0144skiej przede wszystkim ze wzgl\u0119du na swoj\u0105 zdolno\u015b\u0107 usuwania blokad energetycznych oraz skutecznego eliminowania wilgoci i gor\u0105ca z organizmu.<\/p>\n<p>&nbsp;<\/p>\n<p>Obecne przepisy ograniczaj\u0105 ujawnianie informacji na temat dzia\u0142ania suplement\u00f3w diety. Bezp\u0142atnie dost\u0119pne \u017ar\u00f3d\u0142a informacji na temat grzyb\u00f3w i zi\u00f3\u0142 (np. zielniki), z kt\u00f3rymi mo\u017cna si\u0119 zapozna\u0107, na przyk\u0142ad <a href=\"https:\/\/www.cestazelvy.cz\/encyklopedie-vitalni-houby.html\">tutaj.<\/a>Przepisy te nie maj\u0105 na nie wp\u0142ywu.<\/p>","protected":false},"featured_media":6670,"comment_status":"closed","ping_status":"closed","template":"","meta":[],"product_brand":[],"product_cat":[70,69],"product_tag":[],"class_list":{"0":"post-4054","1":"product","2":"type-product","3":"status-publish","4":"has-post-thumbnail","6":"product_cat-doplnky-stravy","7":"product_cat-vitalni-houby","9":"first","10":"instock","11":"taxable","12":"shipping-taxable","13":"purchasable","14":"product-type-simple"},"_links":{"self":[{"href":"https:\/\/green-diamond.cz\/pl\/wp-json\/wp\/v2\/product\/4054","targetHints":{"allow":["GET"]}}],"collection":[{"href":"https:\/\/green-diamond.cz\/pl\/wp-json\/wp\/v2\/product"}],"about":[{"href":"https:\/\/green-diamond.cz\/pl\/wp-json\/wp\/v2\/types\/product"}],"replies":[{"embeddable":true,"href":"https:\/\/green-diamond.cz\/pl\/wp-json\/wp\/v2\/comments?post=4054"}],"version-history":[{"count":0,"href":"https:\/\/green-diamond.cz\/pl\/wp-json\/wp\/v2\/product\/4054\/revisions"}],"wp:featuredmedia":[{"embeddable":true,"href":"https:\/\/green-diamond.cz\/pl\/wp-json\/wp\/v2\/media\/6670"}],"wp:attachment":[{"href":"https:\/\/green-diamond.cz\/pl\/wp-json\/wp\/v2\/media?parent=4054"}],"wp:term":[{"taxonomy":"product_brand","embeddable":true,"href":"https:\/\/green-diamond.cz\/pl\/wp-json\/wp\/v2\/product_brand?post=4054"},{"taxonomy":"product_cat","embeddable":true,"href":"https:\/\/green-diamond.cz\/pl\/wp-json\/wp\/v2\/product_cat?post=4054"},{"taxonomy":"product_tag","embeddable":true,"href":"https:\/\/green-diamond.cz\/pl\/wp-json\/wp\/v2\/product_tag?post=4054"}],"curies":[{"name":"wp","href":"https:\/\/api.w.org\/{rel}","templated":true}]}}