{"id":4051,"date":"2024-08-14T08:10:25","date_gmt":"2024-08-14T06:10:25","guid":{"rendered":"https:\/\/green-diamond.cz\/domains\/green-diamond.cz\/domains\/green-diamond.online-marketing-expert.cz\/?post_type=product&#038;p=4051"},"modified":"2025-10-17T06:53:48","modified_gmt":"2025-10-17T04:53:48","slug":"hliva-ustricna-tablety","status":"publish","type":"product","link":"https:\/\/green-diamond.cz\/pl\/produkt\/hliva-ustricna-tablety\/","title":{"rendered":"MycoMedica Boczniak ostrygowaty, 90 tabletek 500 mg \u2013 Naturalne wsparcie metabolizmu lipid\u00f3w"},"content":{"rendered":"<h2>Boczniak ostrygowaty tabletki \u2013 Naturalne wsparcie metabolizmu lipid\u00f3w<\/h2>\n<p class=\"al\"><strong>Sk\u0142ad w 1 tabletce:<\/strong><\/p>\n<p class=\"al\"><strong>Boczniak ostrygowaty tabletki <\/strong>(<i>Pleurotus ostreatus<\/i>) 100% czysty ekstrakt \u2013 500 mg<\/p>\n<p class=\"al\">Nie zawiera kofeiny, glutenu, konserwant\u00f3w, barwnik\u00f3w ani cukru.<\/p>\n<p class=\"al\"><strong>Zawarto\u015b\u0107 opakowania:\u00a0<\/strong>90 kapsu\u0142ek ro\u015blinnych zawieraj\u0105cych 500 mg ekstraktu (odpowiednie r\u00f3wnie\u017c dla wegan)<\/p>\n<p class=\"al\"><strong>Waga opakowania netto:\u00a0<\/strong>55,8g<\/p>\n<p class=\"al\"><strong>Sk\u0142adniki bioaktywne:<\/strong><strong>\u00a0<\/strong><\/p>\n<ul>\n<li class=\"al\">Polisacharydy \u2013 \u03b2-1,3 i \u03b2-1,6-D glukany<\/li>\n<li class=\"al\">Aminokwasy<\/li>\n<li class=\"al\">Lipidy<\/li>\n<li class=\"al\">Kwasy t\u0142uszczowe<\/li>\n<li class=\"al\">Terpenoidy<\/li>\n<li class=\"al\">Fenoly<\/li>\n<li class=\"al\">Sterole<\/li>\n<li class=\"al\">Minera\u0142y<\/li>\n<li class=\"al\">Witaminy<\/li>\n<\/ul>\n<p><span style=\"color: #059669;\"><strong>Testowane w niezale\u017cnym laboratorium<\/strong><\/span><\/p>","protected":false},"excerpt":{"rendered":"<h1>Boczniak ostrygowaty<\/h1>\n<p>Boczniak ostrygowaty (Pleurotus ostreatus) nale\u017cy do najbardziej znanych grzyb\u00f3w witalnych. Zawiera bogactwo witamin, minera\u0142\u00f3w i innych korzystnych sk\u0142adnik\u00f3w, w tym naturalne statyny, kt\u00f3re pomagaj\u0105 utrzyma\u0107 optymalny poziom lipid\u00f3w we krwi.<\/p>\n<p>&nbsp;<\/p>\n<p>Obecne przepisy ograniczaj\u0105 ujawnianie informacji na temat dzia\u0142ania suplement\u00f3w diety. Bezp\u0142atnie dost\u0119pne \u017ar\u00f3d\u0142a informacji na temat grzyb\u00f3w i zi\u00f3\u0142 (np. zielniki), z kt\u00f3rymi mo\u017cna si\u0119 zapozna\u0107, na przyk\u0142ad <a href=\"https:\/\/www.cestazelvy.cz\/encyklopedie-vitalni-houby.html\">tutaj.<\/a>Przepisy te nie maj\u0105 na nie wp\u0142ywu.<\/p>","protected":false},"featured_media":6671,"comment_status":"closed","ping_status":"closed","template":"","meta":[],"product_brand":[77],"product_cat":[70,69],"product_tag":[],"class_list":{"0":"post-4051","1":"product","2":"type-product","3":"status-publish","4":"has-post-thumbnail","6":"product_brand-mycomedica","7":"product_cat-doplnky-stravy","8":"product_cat-vitalni-houby","10":"first","11":"instock","12":"taxable","13":"shipping-taxable","14":"purchasable","15":"product-type-simple"},"_links":{"self":[{"href":"https:\/\/green-diamond.cz\/pl\/wp-json\/wp\/v2\/product\/4051","targetHints":{"allow":["GET"]}}],"collection":[{"href":"https:\/\/green-diamond.cz\/pl\/wp-json\/wp\/v2\/product"}],"about":[{"href":"https:\/\/green-diamond.cz\/pl\/wp-json\/wp\/v2\/types\/product"}],"replies":[{"embeddable":true,"href":"https:\/\/green-diamond.cz\/pl\/wp-json\/wp\/v2\/comments?post=4051"}],"version-history":[{"count":0,"href":"https:\/\/green-diamond.cz\/pl\/wp-json\/wp\/v2\/product\/4051\/revisions"}],"wp:featuredmedia":[{"embeddable":true,"href":"https:\/\/green-diamond.cz\/pl\/wp-json\/wp\/v2\/media\/6671"}],"wp:attachment":[{"href":"https:\/\/green-diamond.cz\/pl\/wp-json\/wp\/v2\/media?parent=4051"}],"wp:term":[{"taxonomy":"product_brand","embeddable":true,"href":"https:\/\/green-diamond.cz\/pl\/wp-json\/wp\/v2\/product_brand?post=4051"},{"taxonomy":"product_cat","embeddable":true,"href":"https:\/\/green-diamond.cz\/pl\/wp-json\/wp\/v2\/product_cat?post=4051"},{"taxonomy":"product_tag","embeddable":true,"href":"https:\/\/green-diamond.cz\/pl\/wp-json\/wp\/v2\/product_tag?post=4051"}],"curies":[{"name":"wp","href":"https:\/\/api.w.org\/{rel}","templated":true}]}}