{"id":4048,"date":"2024-08-14T07:55:45","date_gmt":"2024-08-14T05:55:45","guid":{"rendered":"https:\/\/green-diamond.cz\/domains\/green-diamond.cz\/domains\/green-diamond.online-marketing-expert.cz\/?post_type=product&#038;p=4048"},"modified":"2025-10-17T06:54:39","modified_gmt":"2025-10-17T04:54:39","slug":"coriolus-vitalita-pro-telo-i-mysl","status":"publish","type":"product","link":"https:\/\/green-diamond.cz\/pl\/produkt\/coriolus-vitalita-pro-telo-i-mysl\/","title":{"rendered":"MycoMedica Coriolus \u2013 Witalno\u015b\u0107 dla cia\u0142a i umys\u0142u"},"content":{"rendered":"<h2>Coriolus \u2013 Witalno\u015b\u0107 dla cia\u0142a i umys\u0142u<\/h2>\n<div class=\"al\"><strong>Waga opakowania netto:\u00a0<\/strong>53g<\/div>\n<div class=\"al\">\n<p class=\"al\"><strong>Sk\u0142adniki w 1 kapsu\u0142ce:<\/strong><\/p>\n<p class=\"al\"><strong>Coriolus<\/strong>\u00a0(wro\u015bniak r\u00f3\u017cnobarwny,\u00a0<i>Coriolus versicolor<\/i>) 100% czysty ekstrakt \u2013 500 mg<\/p>\n<\/div>\n<p class=\"al\"><strong>Sk\u0142adniki bioaktywne:<\/strong><\/p>\n<ul class=\"al\">\n<li>Polisacharydy \u2013 \u03b2-glukany, Krestin, polisacharydopeptyd PSP<\/li>\n<li>Aminokwasy i bia\u0142ka<\/li>\n<li>Zwi\u0105zki fenolowe<\/li>\n<li>Kwasy t\u0142uszczowe \u2013 oleinowy, linolowy, linolenowy, palmitynowy, stearynowy<\/li>\n<li>Minera\u0142y<\/li>\n<li>Witaminy<\/li>\n<\/ul>\n<p class=\"al\"><strong>Zawarto\u015b\u0107 opakowania:\u00a0<\/strong>90 kapsu\u0142ek ro\u015blinnych zawieraj\u0105cych 500 mg ekstraktu (odpowiednie r\u00f3wnie\u017c dla wegan)<\/p>\n<p class=\"al\">Nie zawiera kofeiny, glutenu, konserwant\u00f3w, barwnik\u00f3w ani cukru.<\/p>\n<p><span style=\"color: #059669;\"><strong>Testowane w niezale\u017cnym laboratorium<\/strong><\/span><\/p>","protected":false},"excerpt":{"rendered":"<h1>Coriolus<\/h1>\n<p>Coriolus (wro\u015bniak r\u00f3\u017cnobarwny, Coriolus versicolor) to premiumowy suplement weterynaryjny, kt\u00f3ry w staro\u017cytnych Chinach by\u0142 wysoko ceniony za swoje rewitalizuj\u0105ce dzia\u0142anie na dobrostan fizyczny i psychiczny.<\/p>\n<p>&nbsp;<\/p>\n<p>Obecne przepisy ograniczaj\u0105 ujawnianie informacji na temat dzia\u0142ania suplement\u00f3w diety. Bezp\u0142atnie dost\u0119pne \u017ar\u00f3d\u0142a informacji na temat grzyb\u00f3w i zi\u00f3\u0142 (np. zielniki), z kt\u00f3rymi mo\u017cna si\u0119 zapozna\u0107, na przyk\u0142ad <a href=\"https:\/\/www.cestazelvy.cz\/encyklopedie-vitalni-houby.html\">tutaj.<\/a>Przepisy te nie maj\u0105 na nie wp\u0142ywu.<\/p>","protected":false},"featured_media":6672,"comment_status":"closed","ping_status":"closed","template":"","meta":[],"product_brand":[77],"product_cat":[70,69],"product_tag":[],"class_list":{"0":"post-4048","1":"product","2":"type-product","3":"status-publish","4":"has-post-thumbnail","6":"product_brand-mycomedica","7":"product_cat-doplnky-stravy","8":"product_cat-vitalni-houby","10":"first","11":"instock","12":"taxable","13":"shipping-taxable","14":"purchasable","15":"product-type-simple"},"_links":{"self":[{"href":"https:\/\/green-diamond.cz\/pl\/wp-json\/wp\/v2\/product\/4048","targetHints":{"allow":["GET"]}}],"collection":[{"href":"https:\/\/green-diamond.cz\/pl\/wp-json\/wp\/v2\/product"}],"about":[{"href":"https:\/\/green-diamond.cz\/pl\/wp-json\/wp\/v2\/types\/product"}],"replies":[{"embeddable":true,"href":"https:\/\/green-diamond.cz\/pl\/wp-json\/wp\/v2\/comments?post=4048"}],"version-history":[{"count":0,"href":"https:\/\/green-diamond.cz\/pl\/wp-json\/wp\/v2\/product\/4048\/revisions"}],"wp:featuredmedia":[{"embeddable":true,"href":"https:\/\/green-diamond.cz\/pl\/wp-json\/wp\/v2\/media\/6672"}],"wp:attachment":[{"href":"https:\/\/green-diamond.cz\/pl\/wp-json\/wp\/v2\/media?parent=4048"}],"wp:term":[{"taxonomy":"product_brand","embeddable":true,"href":"https:\/\/green-diamond.cz\/pl\/wp-json\/wp\/v2\/product_brand?post=4048"},{"taxonomy":"product_cat","embeddable":true,"href":"https:\/\/green-diamond.cz\/pl\/wp-json\/wp\/v2\/product_cat?post=4048"},{"taxonomy":"product_tag","embeddable":true,"href":"https:\/\/green-diamond.cz\/pl\/wp-json\/wp\/v2\/product_tag?post=4048"}],"curies":[{"name":"wp","href":"https:\/\/api.w.org\/{rel}","templated":true}]}}