{"id":4044,"date":"2024-08-14T07:48:25","date_gmt":"2024-08-14T05:48:25","guid":{"rendered":"https:\/\/green-diamond.cz\/domains\/green-diamond.cz\/domains\/green-diamond.online-marketing-expert.cz\/?post_type=product&#038;p=4044"},"modified":"2025-10-17T06:55:29","modified_gmt":"2025-10-17T04:55:29","slug":"mycocholest-podpora-normalni-hladiny-cholesterolu","status":"publish","type":"product","link":"https:\/\/green-diamond.cz\/pl\/produkt\/mycocholest-podpora-normalni-hladiny-cholesterolu\/","title":{"rendered":"MycoMedica MycoCholest \u2013 Wsparcie prawid\u0142owego poziomu cholesterolu"},"content":{"rendered":"<h2>MycoCholest \u2013 Wsparcie prawid\u0142owego poziomu cholesterolu<\/h2>\n<div class=\"al\"><strong>Sk\u0142adniki w 1 kapsu\u0142ce:<\/strong><\/div>\n<div class=\"al\">\n<p class=\"al\"><strong>Proszek z czerwonego fermentowanego ry\u017cu<\/strong>\u00a0(<i>Monascus purpureus)<\/i>\u00a00,6% Monakolina K \u2013 420 mg<\/p>\n<p class=\"al\"><strong>Shiitake<\/strong>\u00a0(twardnik jadalny,\u00a0<i>Twardnik japo\u0144ski<\/i>) ekstrakt z owocnika, 30% polisacharyd\u00f3w \u2013 50 mg<br \/>\n<strong>koenzym Q10<\/strong>\u00a0&#8211; 15mg<br \/>\n<strong>rutin<\/strong>\u00a0&#8211; 15mg<\/p>\n<p class=\"al\"><strong>Zawarto\u015b\u0107 opakowania:\u00a0<\/strong>120 kapsu\u0142ek ro\u015blinnych po 500 mg ekstraktu (odpowiednie r\u00f3wnie\u017c dla wegan)<\/p>\n<p class=\"al\"><strong>Waga opakowania netto:\u00a0<\/strong>70,4g<\/p>\n<p class=\"al\">Nie zawiera kofeiny, glutenu, konserwant\u00f3w, barwnik\u00f3w ani cukru.<\/p>\n<p><span style=\"color: #059669;\"><strong>Testowane w niezale\u017cnym laboratorium<\/strong><\/span><\/p>\n<\/div>","protected":false},"excerpt":{"rendered":"<h1>MycoCholest<\/h1>\n<p>MycoCholest to harmonijne po\u0142\u0105czenie grzyba witalnego Shiitake i czerwonego fermentowanego ry\u017cu, kt\u00f3re dzi\u0119ki zawarto\u015bci monakoliny pomagaj\u0105 utrzyma\u0107 prawid\u0142owy poziom cholesterolu we krwi. Dla wzmocnienia efektu dodali\u015bmy r\u00f3wnie\u017c koenzym Q10 i rutyn\u0119.<\/p>\n<p>&nbsp;<\/p>\n<p>Obecne przepisy ograniczaj\u0105 ujawnianie informacji na temat dzia\u0142ania suplement\u00f3w diety. Bezp\u0142atnie dost\u0119pne \u017ar\u00f3d\u0142a informacji na temat grzyb\u00f3w i zi\u00f3\u0142 (np. zielniki), z kt\u00f3rymi mo\u017cna si\u0119 zapozna\u0107, na przyk\u0142ad <a href=\"https:\/\/www.cestazelvy.cz\/encyklopedie-vitalni-houby.html\">tutaj.<\/a>Przepisy te nie maj\u0105 na nie wp\u0142ywu.<\/p>","protected":false},"featured_media":6673,"comment_status":"closed","ping_status":"closed","template":"","meta":[],"product_brand":[77],"product_cat":[70,69],"product_tag":[],"class_list":{"0":"post-4044","1":"product","2":"type-product","3":"status-publish","4":"has-post-thumbnail","6":"product_brand-mycomedica","7":"product_cat-doplnky-stravy","8":"product_cat-vitalni-houby","10":"first","11":"instock","12":"taxable","13":"shipping-taxable","14":"purchasable","15":"product-type-simple"},"_links":{"self":[{"href":"https:\/\/green-diamond.cz\/pl\/wp-json\/wp\/v2\/product\/4044","targetHints":{"allow":["GET"]}}],"collection":[{"href":"https:\/\/green-diamond.cz\/pl\/wp-json\/wp\/v2\/product"}],"about":[{"href":"https:\/\/green-diamond.cz\/pl\/wp-json\/wp\/v2\/types\/product"}],"replies":[{"embeddable":true,"href":"https:\/\/green-diamond.cz\/pl\/wp-json\/wp\/v2\/comments?post=4044"}],"version-history":[{"count":0,"href":"https:\/\/green-diamond.cz\/pl\/wp-json\/wp\/v2\/product\/4044\/revisions"}],"wp:featuredmedia":[{"embeddable":true,"href":"https:\/\/green-diamond.cz\/pl\/wp-json\/wp\/v2\/media\/6673"}],"wp:attachment":[{"href":"https:\/\/green-diamond.cz\/pl\/wp-json\/wp\/v2\/media?parent=4044"}],"wp:term":[{"taxonomy":"product_brand","embeddable":true,"href":"https:\/\/green-diamond.cz\/pl\/wp-json\/wp\/v2\/product_brand?post=4044"},{"taxonomy":"product_cat","embeddable":true,"href":"https:\/\/green-diamond.cz\/pl\/wp-json\/wp\/v2\/product_cat?post=4044"},{"taxonomy":"product_tag","embeddable":true,"href":"https:\/\/green-diamond.cz\/pl\/wp-json\/wp\/v2\/product_tag?post=4044"}],"curies":[{"name":"wp","href":"https:\/\/api.w.org\/{rel}","templated":true}]}}