{"id":4030,"date":"2024-08-14T07:30:29","date_gmt":"2024-08-14T05:30:29","guid":{"rendered":"https:\/\/green-diamond.cz\/domains\/green-diamond.cz\/domains\/green-diamond.online-marketing-expert.cz\/?post_type=product&#038;p=4030"},"modified":"2025-10-17T06:57:13","modified_gmt":"2025-10-17T04:57:13","slug":"mycoslim-podpora-zdrave-hmotnosti-a-traveni","status":"publish","type":"product","link":"https:\/\/green-diamond.cz\/pl\/produkt\/mycoslim-podpora-zdrave-hmotnosti-a-traveni\/","title":{"rendered":"MycoMedica MycoSlim \u2013 Wsparcie zdrowej masy cia\u0142a i trawienia"},"content":{"rendered":"<h3>MycoSlim - Wspiera zdrow\u0105 wag\u0119 i trawienie<\/h3>\n<p class=\"al\"><strong>Lotos orzech laskowy<\/strong>\u00a0(Folium nelumbinis)<\/p>\n<ul class=\"al\">\n<li>Zdrowie psychiczne<\/li>\n<\/ul>\n<p class=\"al\"><strong>G\u0142\u00f3g pierzastoskrzyd\u0142y<\/strong>\u00a0(Crataegus pinnatifida)<\/p>\n<ul class=\"al\">\n<li>Normalna aktywno\u015b\u0107 uk\u0142adu sercowo-naczyniowego<\/li>\n<li>Prawid\u0142owe funkcjonowanie przewodu pokarmowego, prawid\u0142owe trawienie<\/li>\n<\/ul>\n<p class=\"al\"><strong><br \/>\n<\/strong><strong>Mongolska trawa koz\u0142kowa<\/strong>\u00a0(Astragalus membranaceus var. Mongholicus, ko\u0159en)<\/p>\n<ul>\n<li class=\"al\">Naturalne mechanizmy obronne - uk\u0142ad odporno\u015bciowy<\/li>\n<li class=\"al\">Normalna aktywno\u015b\u0107 uk\u0142adu naczyniowego<\/li>\n<li class=\"al\">Adaptogen - odporno\u015b\u0107<\/li>\n<li class=\"al\">Przeciwutleniacz<\/li>\n<li class=\"al\">Ci\u015bnienie krwi<\/li>\n<li class=\"al\">Normalny poziom cukru we krwi<\/li>\n<li class=\"al\">Normalna aktywno\u015b\u0107 uk\u0142adu sercowo-naczyniowego<\/li>\n<li class=\"al\">Normalna czynno\u015b\u0107 nerek i p\u0119cherza moczowego, wydalanie<\/li>\n<li class=\"al\">Mobilno\u015b\u0107 staw\u00f3w<\/li>\n<li class=\"al\">Ruchliwo\u015b\u0107 plemnik\u00f3w<\/li>\n<li class=\"al\">Utrzymanie prawid\u0142owego ci\u015bnienia krwi<\/li>\n<li class=\"al\">(Przed) komfort menstruacyjny i menopauzalny<\/li>\n<\/ul>\n<p>&nbsp;<\/p>\n<p class=\"al\"><strong>Zawarto\u015b\u0107 opakowania:\u00a0<\/strong>90 kapsu\u0142ek ro\u015blinnych zawieraj\u0105cych 500 mg ekstraktu (odpowiednie r\u00f3wnie\u017c dla wegan)<\/p>\n<p class=\"al\"><strong>Waga opakowania:\u00a0<\/strong>53g<\/p>\n<p class=\"al\"><strong>Sk\u0142adniki w 1 kapsu\u0142ce:<\/strong><\/p>\n<div class=\"al\"><strong>He Ye<\/strong>\u00a0(lotus orzechodajny<i>, Fol. Nelumbinis<\/i>) - ekstrakt z li\u015bci 5:1 - 70 mg<\/div>\n<div class=\"al\"><strong>Shan Zha<i>\u00a0<\/i><\/strong>(g\u0142\u00f3g wieloszyjkowy,\u00a0<i>Fruc. crataegi<\/i>) - ekstrakt z owoc\u00f3w 5:1 - 70 mg<\/div>\n<div class=\"al\"><strong>Ze Xie<\/strong>\u00a0(\u017cabnik wschodni,\u00a0<i>Rhiz. alismatis<\/i>) - ekstrakt z k\u0142\u0105cza 5:1 - 70 mg<\/div>\n<div class=\"al\"><strong>Fu Ling<\/strong>\u00a0(poro\u015bnik kokosowy,\u00a0<i>Skler. Poriae<\/i>\u00a0- extrakt ze skleroci\u00ed 5:1 - 70 mg<\/div>\n<div class=\"al\"><strong>Huang Qi<\/strong>\u00a0(traganek b\u0142oniasty,\u00a0<i>Rad. astragali<\/i>) - ekstrakt z korzenia 5:1 - 70 mg<\/div>\n<div class=\"al\"><strong>Bai Zhu<\/strong>\u00a0(atraktylis velko\u00faborov\u00fd,\u00a0<i>Rhiz. atractylodis<\/i>)- ekstrakt z k\u0142\u0105cza 5:1 - 70 mg<\/div>\n<div class=\"al\"><strong>Maitake<\/strong>\u00a0(\u017cagwica listkowata,\u00a0<i>Grifola frondosa<\/i>) - ekstrakt z owoc\u00f3w 5:1 - 50 mg<\/div>\n<div class=\"al\"><strong>Cordyceps<\/strong>\u00a0(maczu\u017cnik chi\u0144ski,\u00a0<i>Cordyceps sinensis<\/i>)- ekstrakt z grzybni 5:1 - 30 mg<\/div>\n<div class=\"al\"><\/div>\n<div class=\"al\">Nie zawiera kofeiny, glutenu, konserwant\u00f3w, barwnik\u00f3w ani cukru.<\/div>\n<div><\/div>\n<div><span style=\"color: #059669;\"><strong>Testowane w niezale\u017cnym laboratorium<\/strong><\/span><\/div>\n<div>\n<p>Obecne przepisy ograniczaj\u0105 ujawnianie informacji na temat dzia\u0142ania suplement\u00f3w diety. Bezp\u0142atnie dost\u0119pne \u017ar\u00f3d\u0142a informacji na temat grzyb\u00f3w i zi\u00f3\u0142 (np. zielniki), z kt\u00f3rymi mo\u017cna si\u0119 zapozna\u0107, na przyk\u0142ad <a href=\"https:\/\/www.cestazelvy.cz\/encyklopedie-vitalni-houby.html\" target=\"_blank\" rel=\"noopener\">tutaj.<\/a>Przepisy te nie maj\u0105 na nie wp\u0142ywu.<\/p>\n<\/div>","protected":false},"excerpt":{"rendered":"<h1>Mycoslim<\/h1>\n<p>Mieszanka MycoSlim \u0142\u0105czy witalne grzyby Cordyceps, Pornflower i Maitake z chi\u0144skimi zio\u0142ami, opartymi na zasadach tradycyjnej medycyny chi\u0144skiej, maj\u0105cymi na celu wspieranie funkcji \u015bledziony (Pi) i \u017co\u0142\u0105dka (Wei), co przyczynia si\u0119 do utrzymania zdrowej masy cia\u0142a. Formu\u0142a MycoSlim jest inspirowana tradycyjn\u0105 medycyn\u0105 chi\u0144sk\u0105 Ti Zhong Jian Qing Tang, dostosowan\u0105 do potrzeb wsp\u00f3\u0142czesnego cz\u0142owieka.<\/p>","protected":false},"featured_media":6675,"comment_status":"closed","ping_status":"closed","template":"","meta":[],"product_brand":[77],"product_cat":[70,69],"product_tag":[],"class_list":{"0":"post-4030","1":"product","2":"type-product","3":"status-publish","4":"has-post-thumbnail","6":"product_brand-mycomedica","7":"product_cat-doplnky-stravy","8":"product_cat-vitalni-houby","10":"first","11":"instock","12":"taxable","13":"shipping-taxable","14":"purchasable","15":"product-type-simple"},"_links":{"self":[{"href":"https:\/\/green-diamond.cz\/pl\/wp-json\/wp\/v2\/product\/4030","targetHints":{"allow":["GET"]}}],"collection":[{"href":"https:\/\/green-diamond.cz\/pl\/wp-json\/wp\/v2\/product"}],"about":[{"href":"https:\/\/green-diamond.cz\/pl\/wp-json\/wp\/v2\/types\/product"}],"replies":[{"embeddable":true,"href":"https:\/\/green-diamond.cz\/pl\/wp-json\/wp\/v2\/comments?post=4030"}],"version-history":[{"count":0,"href":"https:\/\/green-diamond.cz\/pl\/wp-json\/wp\/v2\/product\/4030\/revisions"}],"wp:featuredmedia":[{"embeddable":true,"href":"https:\/\/green-diamond.cz\/pl\/wp-json\/wp\/v2\/media\/6675"}],"wp:attachment":[{"href":"https:\/\/green-diamond.cz\/pl\/wp-json\/wp\/v2\/media?parent=4030"}],"wp:term":[{"taxonomy":"product_brand","embeddable":true,"href":"https:\/\/green-diamond.cz\/pl\/wp-json\/wp\/v2\/product_brand?post=4030"},{"taxonomy":"product_cat","embeddable":true,"href":"https:\/\/green-diamond.cz\/pl\/wp-json\/wp\/v2\/product_cat?post=4030"},{"taxonomy":"product_tag","embeddable":true,"href":"https:\/\/green-diamond.cz\/pl\/wp-json\/wp\/v2\/product_tag?post=4030"}],"curies":[{"name":"wp","href":"https:\/\/api.w.org\/{rel}","templated":true}]}}