{"id":4027,"date":"2024-08-14T07:02:35","date_gmt":"2024-08-14T05:02:35","guid":{"rendered":"https:\/\/green-diamond.cz\/domains\/green-diamond.cz\/domains\/green-diamond.online-marketing-expert.cz\/?post_type=product&#038;p=4027"},"modified":"2025-10-17T06:58:34","modified_gmt":"2025-10-17T04:58:34","slug":"mycohair","status":"publish","type":"product","link":"https:\/\/green-diamond.cz\/pl\/produkt\/mycohair\/","title":{"rendered":"MycoMedica MycoHair \u2013 Dla zdrowego wzrostu i mocnych w\u0142os\u00f3w"},"content":{"rendered":"<h2>MycoHair<\/h2>\n<p class=\"al\"><strong>Lakownica l\u015bni\u0105ca<\/strong>\u00a0(Reishi, Ganoderma lucidum)<\/p>\n<ul class=\"al\">\n<li>Naturalne mechanizmy obronne - uk\u0142ad odporno\u015bciowy<\/li>\n<li>Prawid\u0142owe funkcjonowanie uk\u0142adu kr\u0105\u017cenia<\/li>\n<li>Prawid\u0142owy poziom cholesterolu we krwi<\/li>\n<\/ul>\n<p class=\"al\"><strong>Rdest wielokwiatowy<\/strong>\u00a0(Polygonum multiflorum, korze\u0144)<\/p>\n<ul class=\"al\">\n<li>Normalna aktywno\u015b\u0107 uk\u0142adu sercowo-naczyniowego<\/li>\n<li>Prawid\u0142owy poziom cholesterolu we krwi<\/li>\n<\/ul>\n<p class=\"al\"><strong>Rehmania lepka<\/strong>\u00a0(Rehmania glutinosa, chi\u0144ski korze\u0144)<\/p>\n<ul>\n<li class=\"al\">Prawid\u0142owe funkcjonowanie uk\u0142adu naczyniowego i ci\u015bnienia krwi<\/li>\n<li class=\"al\">Prawid\u0142owy poziom glukozy we krwi<\/li>\n<\/ul>\n<p>&nbsp;<\/p>\n<p><strong>Sk\u0142adniki w 1 kapsu\u0142ce:<\/strong><\/p>\n<p class=\"al\"><strong>He Shou Wu\u00a0<\/strong>(rdest wielokwiatowy<i>, Rad. Polygoni multiflori<\/i>) ekstrakt z bulwy korzenia 5:1 \u2013 120 mg<\/p>\n<p class=\"al\"><strong>Di Huang<i>\u00a0<\/i><\/strong>(rehmania lepka,\u00a0<i>Rad. rehmaniae<\/i>) \u2013 ekstrakt z nieprzetworzonego korzenia 5:1 \u2013 100 mg<\/p>\n<p class=\"al\"><strong>Nu Zhe Zi<\/strong>\u00a0(ligustr b\u0142yszcz\u0105cy,\u00a0<i>Sem. ligustri<\/i>) \u2013 ekstrakt z nasion 5:1 \u2013 100 mg<\/p>\n<p class=\"al\"><strong>Reishi<\/strong>\u00a0(lakownica l\u015bni\u0105ca,\u00a0<i>Ganoderma lucidum<\/i>) \u2013 ekstrakt z owocnika 5:1 \u2013 50 mg<\/p>\n<p class=\"al\"><strong>Sang Ji Sheng<\/strong>\u00a0(jemio\u0142a chi\u0144ska,\u00a0<i>Loranthi ramulus<\/i>) \u2013 ekstrakt z ga\u0142\u0105zek 5:1 \u2013 50 mg<\/p>\n<p class=\"al\"><strong>Gou Qi Zi<\/strong>\u00a0(kolcow\u00f3j chi\u0144ski,\u00a0<i>Fruc. lycii<\/i>) \u2013 ekstrakt z owoc\u00f3w 5:1 \u2013 50 mg<\/p>\n<p class=\"al\"><strong>Polyporus<\/strong>\u00a0(\u017cagiew ok\u00f3\u0142kowa,\u00a0<i>Polyporus umbellatus<\/i>) \u2013 ekstrakt z owocnika 5:1 \u2013 30 mg<\/p>\n<p>&nbsp;<\/p>\n<p class=\"al\"><strong>Zawarto\u015b\u0107 opakowania:\u00a0<\/strong>90 kapsu\u0142ek ro\u015blinnych zawieraj\u0105cych 500 mg ekstraktu (odpowiednie r\u00f3wnie\u017c dla wegan)<\/p>\n<p class=\"al\"><strong>Waga opakowania netto:\u00a0<\/strong>53g<\/p>\n<p class=\"al\">Nie zawiera kofeiny, glutenu, konserwant\u00f3w, barwnik\u00f3w ani cukru.<\/p>\n<p><span style=\"color: #059669;\"><strong>Testowane w niezale\u017cnym laboratorium<\/strong><\/span><\/p>","protected":false},"excerpt":{"rendered":"<h1>MycoHair \u2013 Dla zdrowego wzrostu i mocnych w\u0142os\u00f3w<\/h1>\n<p>Mieszanka MycoHair zosta\u0142a stworzona, aby wspiera\u0107 wzrost i popraw\u0119 jako\u015bci w\u0142os\u00f3w.<\/p>\n<p>Sk\u0142ad MycoHair opiera si\u0119 na tradycyjnej chi\u0144skiej recepturze Nu Huang Bian Zi Tang, jednak zosta\u0142 dostosowany do potrzeb wsp\u00f3\u0142czesnego cz\u0142owieka.<\/p>\n<p>&nbsp;<\/p>\n<p>Obecne przepisy ograniczaj\u0105 ujawnianie informacji na temat dzia\u0142ania suplement\u00f3w diety. Bezp\u0142atnie dost\u0119pne \u017ar\u00f3d\u0142a informacji na temat grzyb\u00f3w i zi\u00f3\u0142 (np. zielniki), z kt\u00f3rymi mo\u017cna si\u0119 zapozna\u0107, na przyk\u0142ad <a href=\"https:\/\/www.cestazelvy.cz\/encyklopedie-vitalni-houby.html\">tutaj.<\/a>Przepisy te nie maj\u0105 na nie wp\u0142ywu.<\/p>","protected":false},"featured_media":6676,"comment_status":"closed","ping_status":"closed","template":"","meta":[],"product_brand":[77],"product_cat":[70,69],"product_tag":[],"class_list":{"0":"post-4027","1":"product","2":"type-product","3":"status-publish","4":"has-post-thumbnail","6":"product_brand-mycomedica","7":"product_cat-doplnky-stravy","8":"product_cat-vitalni-houby","10":"first","11":"instock","12":"taxable","13":"shipping-taxable","14":"purchasable","15":"product-type-simple"},"_links":{"self":[{"href":"https:\/\/green-diamond.cz\/pl\/wp-json\/wp\/v2\/product\/4027","targetHints":{"allow":["GET"]}}],"collection":[{"href":"https:\/\/green-diamond.cz\/pl\/wp-json\/wp\/v2\/product"}],"about":[{"href":"https:\/\/green-diamond.cz\/pl\/wp-json\/wp\/v2\/types\/product"}],"replies":[{"embeddable":true,"href":"https:\/\/green-diamond.cz\/pl\/wp-json\/wp\/v2\/comments?post=4027"}],"version-history":[{"count":0,"href":"https:\/\/green-diamond.cz\/pl\/wp-json\/wp\/v2\/product\/4027\/revisions"}],"wp:featuredmedia":[{"embeddable":true,"href":"https:\/\/green-diamond.cz\/pl\/wp-json\/wp\/v2\/media\/6676"}],"wp:attachment":[{"href":"https:\/\/green-diamond.cz\/pl\/wp-json\/wp\/v2\/media?parent=4027"}],"wp:term":[{"taxonomy":"product_brand","embeddable":true,"href":"https:\/\/green-diamond.cz\/pl\/wp-json\/wp\/v2\/product_brand?post=4027"},{"taxonomy":"product_cat","embeddable":true,"href":"https:\/\/green-diamond.cz\/pl\/wp-json\/wp\/v2\/product_cat?post=4027"},{"taxonomy":"product_tag","embeddable":true,"href":"https:\/\/green-diamond.cz\/pl\/wp-json\/wp\/v2\/product_tag?post=4027"}],"curies":[{"name":"wp","href":"https:\/\/api.w.org\/{rel}","templated":true}]}}