{"id":4021,"date":"2024-08-14T05:16:09","date_gmt":"2024-08-14T03:16:09","guid":{"rendered":"https:\/\/green-diamond.cz\/domains\/green-diamond.cz\/domains\/green-diamond.online-marketing-expert.cz\/?post_type=product&#038;p=4021"},"modified":"2025-10-17T06:59:17","modified_gmt":"2025-10-17T04:59:17","slug":"acerola","status":"publish","type":"product","link":"https:\/\/green-diamond.cz\/pl\/produkt\/acerola\/","title":{"rendered":"MycoMedica Acerola \u2013 Kompleksowe wsparcie odporno\u015bci i zdrowia"},"content":{"rendered":"<h2><strong>Acerola \u2013 Kompletn\u00ed podpora imunity a zdrav\u00ed<\/strong><\/h2>\n<ul>\n<li class=\"al\">Przyczynia si\u0119 do prawid\u0142owego tworzenia kolagenu, co wspiera prawid\u0142owe funkcjonowanie ko\u015bci, chrz\u0105stek, dzi\u0105se\u0142, sk\u00f3ry i z\u0119b\u00f3w.<\/li>\n<li class=\"al\">Wspomaga prawid\u0142owy metabolizm energetyczny.<\/li>\n<li class=\"al\">Przyczynia si\u0119 do prawid\u0142owego funkcjonowania uk\u0142adu nerwowego.<\/li>\n<li class=\"al\">Wspiera prawid\u0142owe funkcje psychiczne.<\/li>\n<li class=\"al\">Wzmacnia prawid\u0142owe dzia\u0142anie uk\u0142adu odporno\u015bciowego.<\/li>\n<li class=\"al\">Pomaga chroni\u0107 kom\u00f3rki przed stresem oksydacyjnym.<\/li>\n<li class=\"al\">Przyczynia si\u0119 do zmniejszenia uczucia zm\u0119czenia i znu\u017cenia.<\/li>\n<li class=\"al\">Wspomaga regeneracj\u0119 zredukowanej formy witaminy E.<\/li>\n<li class=\"al\">Zwi\u0119ksza wch\u0142anianie \u017celaza.<\/li>\n<li class=\"al\">Pomaga utrzyma\u0107 prawid\u0142owe funkcjonowanie uk\u0142adu odporno\u015bciowego podczas intensywnego wysi\u0142ku fizycznego i po nim.<\/li>\n<li class=\"al\">Przyczynia si\u0119 do prawid\u0142owego tworzenia kolagenu, co wspiera prawid\u0142owe funkcjonowanie naczy\u0144 krwiono\u015bnych.<\/li>\n<\/ul>\n<p class=\"al\"><strong>Zawarto\u015b\u0107 opakowania:\u00a0<\/strong>90 kapsu\u0142ek ro\u015blinnych zawieraj\u0105cych 500 mg ekstraktu (odpowiednie r\u00f3wnie\u017c dla wegan)<\/p>\n<p class=\"al\"><strong>Waga opakowania netto:\u00a0<\/strong>53g<\/p>\n<p class=\"al\"><strong>Sk\u0142adniki w 1 kapsu\u0142ce:<\/strong><\/p>\n<p class=\"al\"><strong>Acerola<\/strong>,\u00a0<em>Malpighia glabra<\/em>, ekstrakt z owocu 25% witaminy C \u2013 500 mg<br \/>\nodpowiada 125 mg witaminy C = 156% RWS (zalecane dzienne spo\u017cycie)<\/p>\n<p class=\"al\">Nie zawiera kofeiny, glutenu, konserwant\u00f3w, barwnik\u00f3w ani cukru.<\/p>\n<p><strong><span style=\"color: #7cc006;\">Testowane w niezale\u017cnym laboratorium<\/span><\/strong><\/p>","protected":false},"excerpt":{"rendered":"<h1>Acerola<\/h1>\n<p>Acerola (Malpighia glabra) jest naturalnym \u017ar\u00f3d\u0142em witaminy C, kt\u00f3ra zwi\u0119ksza skuteczno\u015b\u0107 wch\u0142aniania bioaktywnych sk\u0142adnik\u00f3w grzyb\u00f3w witalnych w organizmie cz\u0142owieka. Je\u015bli stosujesz grzyby witalne, zalecamy dodanie do nich 1 kapsu\u0142ki Aceroli, kt\u00f3ra dostarcza 125 mg witaminy C, co stanowi 156% RWS (1,56-krotno\u015b\u0107 zalecanego dziennego spo\u017cycia).<\/p>\n<p>Obecne przepisy ograniczaj\u0105 ujawnianie informacji na temat dzia\u0142ania suplement\u00f3w diety. Bezp\u0142atnie dost\u0119pne \u017ar\u00f3d\u0142a informacji na temat grzyb\u00f3w i zi\u00f3\u0142 (np. zielniki), z kt\u00f3rymi mo\u017cna si\u0119 zapozna\u0107, na przyk\u0142ad <a href=\"https:\/\/www.cestazelvy.cz\/encyklopedie-vitalni-houby.html\">tutaj.<\/a>Przepisy te nie maj\u0105 na nie wp\u0142ywu.<\/p>","protected":false},"featured_media":6677,"comment_status":"closed","ping_status":"closed","template":"","meta":[],"product_brand":[77],"product_cat":[70,69],"product_tag":[],"class_list":{"0":"post-4021","1":"product","2":"type-product","3":"status-publish","4":"has-post-thumbnail","6":"product_brand-mycomedica","7":"product_cat-doplnky-stravy","8":"product_cat-vitalni-houby","10":"first","11":"instock","12":"taxable","13":"shipping-taxable","14":"purchasable","15":"product-type-simple"},"_links":{"self":[{"href":"https:\/\/green-diamond.cz\/pl\/wp-json\/wp\/v2\/product\/4021","targetHints":{"allow":["GET"]}}],"collection":[{"href":"https:\/\/green-diamond.cz\/pl\/wp-json\/wp\/v2\/product"}],"about":[{"href":"https:\/\/green-diamond.cz\/pl\/wp-json\/wp\/v2\/types\/product"}],"replies":[{"embeddable":true,"href":"https:\/\/green-diamond.cz\/pl\/wp-json\/wp\/v2\/comments?post=4021"}],"version-history":[{"count":0,"href":"https:\/\/green-diamond.cz\/pl\/wp-json\/wp\/v2\/product\/4021\/revisions"}],"wp:featuredmedia":[{"embeddable":true,"href":"https:\/\/green-diamond.cz\/pl\/wp-json\/wp\/v2\/media\/6677"}],"wp:attachment":[{"href":"https:\/\/green-diamond.cz\/pl\/wp-json\/wp\/v2\/media?parent=4021"}],"wp:term":[{"taxonomy":"product_brand","embeddable":true,"href":"https:\/\/green-diamond.cz\/pl\/wp-json\/wp\/v2\/product_brand?post=4021"},{"taxonomy":"product_cat","embeddable":true,"href":"https:\/\/green-diamond.cz\/pl\/wp-json\/wp\/v2\/product_cat?post=4021"},{"taxonomy":"product_tag","embeddable":true,"href":"https:\/\/green-diamond.cz\/pl\/wp-json\/wp\/v2\/product_tag?post=4021"}],"curies":[{"name":"wp","href":"https:\/\/api.w.org\/{rel}","templated":true}]}}