{"id":3902,"date":"2024-08-09T09:20:34","date_gmt":"2024-08-09T07:20:34","guid":{"rendered":"https:\/\/green-diamond.cz\/domains\/green-diamond.cz\/domains\/green-diamond.online-marketing-expert.cz\/?post_type=product&#038;p=3902"},"modified":"2025-10-17T07:04:13","modified_gmt":"2025-10-17T05:04:13","slug":"mycoflex-smes-vitalnich-hub-cordyceps-shiitake-maitake","status":"publish","type":"product","link":"https:\/\/green-diamond.cz\/pl\/produkt\/mycoflex-smes-vitalnich-hub-cordyceps-shiitake-maitake\/","title":{"rendered":"MycoMedica MycoFlex \u2013 Mieszanka grzyb\u00f3w witalnych Cordyceps, Shiitake i Maitake"},"content":{"rendered":"<h2>MycoFlex \u2013 Mieszanka witalnych grzyb\u00f3w Cordyceps, Shiitake i Maitake<\/h2>\n<p class=\"al\"><strong>Zawarto\u015b\u0107 opakowania:\u00a0<\/strong>Zawiera 90 kapsu\u0142ek ro\u015blinnych z 730 mg ekstraktu (odpowiedni r\u00f3wnie\u017c dla wegan):<\/p>\n<p class=\"al\"><strong>Waga opakowania netto:\u00a0<\/strong>77,4g<\/p>\n<p class=\"al\"><strong>Sk\u0142adniki w 1 kapsu\u0142ce \/ 2 kapsu\u0142kach (dawka dzienna):<\/strong><\/p>\n<ul>\n<li class=\"al\"><strong>Maitake<\/strong>\u00a0(\u017cagwica listkowata,\u00a0<i>Grifola frondosa<\/i>), 30% polisacharydowy ekstrakt z owocnik\u00f3w grzyb\u00f3w - 30 mg \/ 60 mg<\/li>\n<li class=\"al\"><strong>Cordyceps CS-4<\/strong>\u00a0(maczu\u017cnik chi\u0144ski,\u00a0<i>Cordyceps sinensis<\/i>), 30% polisacharydowy ekstrakt z owocnik\u00f3w grzyb\u00f3w - 30 mg \/ 60 mg<\/li>\n<li class=\"al\"><strong>Shiitake\u00a0<\/strong>(twardnik jadalny,\u00a0<i>Twardnik japo\u0144ski<\/i>), 30% polisacharydowy ekstrakt z owocnik\u00f3w grzyb\u00f3w - 30 mg \/ 60 mg<\/li>\n<li class=\"al\"><strong>Siarczan D-glukozaminy 2KCl<\/strong>\u2013 350 mg \/ 700 mg<\/li>\n<li class=\"al\"><strong>Siarczan chondroityny<\/strong>\u00a0\u2013 100 mg \/ 200 mg<\/li>\n<li class=\"al\"><strong>MSM<\/strong>\u00a0(methylsulfonylmethan) \u2013 100 mg \/ 200 mg<\/li>\n<li class=\"al\"><strong>Hydrolizowany kolagen<\/strong>\u00a0(peptydy kolagenowe) - 50 mg \/ 100 mg<\/li>\n<li class=\"al\"><strong>Witamina C<\/strong>\u00a0(kwas L-askorbinowy) - 40 mg (50% RHP) \/ 80 mg (50% RHP)<\/li>\n<li class=\"al\">Sole magnezowe kwas\u00f3w t\u0142uszczowych pochodzenia ro\u015blinnego - substancja przeciwzbrylaj\u0105ca<\/li>\n<\/ul>\n<p class=\"al\">(RWS \u2013 Referencyjna warto\u015b\u0107 spo\u017cycia)<\/p>\n<p><span style=\"color: #059669;\"><strong>Testowane w niezale\u017cnym laboratorium<\/strong><\/span><\/p>","protected":false},"excerpt":{"rendered":"<h1>MycoFlex<\/h1>\n<p>Mieszanka witalnych grzyb\u00f3w Cordyceps, Shiitake i Maitake wraz z zaawansowanymi sk\u0142adnikami, takimi jak siarczan D-glukozaminy 2KCl, siarczan chondroityny, MSM i witamina C, przyczyniaj\u0105 si\u0119 do prawid\u0142owego funkcjonowania ko\u015bci i chrz\u0105stek.<\/p>\n<p>Obecne przepisy ograniczaj\u0105 ujawnianie informacji na temat dzia\u0142ania suplement\u00f3w diety. Bezp\u0142atnie dost\u0119pne \u017ar\u00f3d\u0142a informacji na temat grzyb\u00f3w i zi\u00f3\u0142 (np. zielniki), z kt\u00f3rymi mo\u017cna si\u0119 zapozna\u0107, na przyk\u0142ad <a href=\"https:\/\/www.cestazelvy.cz\/encyklopedie-vitalni-houby.html\">tutaj.<\/a>Przepisy te nie maj\u0105 na nie wp\u0142ywu.<\/p>","protected":false},"featured_media":6681,"comment_status":"closed","ping_status":"closed","template":"","meta":[],"product_brand":[77],"product_cat":[69,70],"product_tag":[],"class_list":{"0":"post-3902","1":"product","2":"type-product","3":"status-publish","4":"has-post-thumbnail","6":"product_brand-mycomedica","7":"product_cat-vitalni-houby","8":"product_cat-doplnky-stravy","10":"first","11":"instock","12":"taxable","13":"shipping-taxable","14":"purchasable","15":"product-type-simple"},"_links":{"self":[{"href":"https:\/\/green-diamond.cz\/pl\/wp-json\/wp\/v2\/product\/3902","targetHints":{"allow":["GET"]}}],"collection":[{"href":"https:\/\/green-diamond.cz\/pl\/wp-json\/wp\/v2\/product"}],"about":[{"href":"https:\/\/green-diamond.cz\/pl\/wp-json\/wp\/v2\/types\/product"}],"replies":[{"embeddable":true,"href":"https:\/\/green-diamond.cz\/pl\/wp-json\/wp\/v2\/comments?post=3902"}],"version-history":[{"count":0,"href":"https:\/\/green-diamond.cz\/pl\/wp-json\/wp\/v2\/product\/3902\/revisions"}],"wp:featuredmedia":[{"embeddable":true,"href":"https:\/\/green-diamond.cz\/pl\/wp-json\/wp\/v2\/media\/6681"}],"wp:attachment":[{"href":"https:\/\/green-diamond.cz\/pl\/wp-json\/wp\/v2\/media?parent=3902"}],"wp:term":[{"taxonomy":"product_brand","embeddable":true,"href":"https:\/\/green-diamond.cz\/pl\/wp-json\/wp\/v2\/product_brand?post=3902"},{"taxonomy":"product_cat","embeddable":true,"href":"https:\/\/green-diamond.cz\/pl\/wp-json\/wp\/v2\/product_cat?post=3902"},{"taxonomy":"product_tag","embeddable":true,"href":"https:\/\/green-diamond.cz\/pl\/wp-json\/wp\/v2\/product_tag?post=3902"}],"curies":[{"name":"wp","href":"https:\/\/api.w.org\/{rel}","templated":true}]}}