{"id":2196,"date":"2024-02-19T11:59:05","date_gmt":"2024-02-19T10:59:05","guid":{"rendered":"https:\/\/green-diamond.cz\/domains\/green-diamond.cz\/domains\/green-diamond.online-marketing-expert.cz\/?post_type=product&#038;p=2196"},"modified":"2025-10-17T04:40:43","modified_gmt":"2025-10-17T02:40:43","slug":"zenfruit-cbd-kvety-12","status":"publish","type":"product","link":"https:\/\/green-diamond.cz\/pl\/produkt\/zenfruit-cbd-kvety-12\/","title":{"rendered":"Green Diamond Zenfruit \u2013 Kwiaty CBD 12% z THC do 1%"},"content":{"rendered":"<h3>Zenfruit Kwiaty CBD 12%<\/h3>\n<ul>\n<li>CBD 12%<\/li>\n<li>THC &lt; 0.2% THC<\/li>\n<li>Hybrid<\/li>\n<li>Cannabinoidy CBD | CBDa<\/li>\n<li>Aromat jagodowy | Sosna<\/li>\n<\/ul>","protected":false},"excerpt":{"rendered":"<h1>Zenfruit Kwiaty CBD 12%<\/h1>\n<p>Uprawiane hydroponicznie kwiaty Zenfruit CBD mog\u0105 pochwali\u0107 si\u0119 fantastycznym profilem terpenowym! Niezwykle korzenny i przyjemny aromat z jasnymi nutami jag\u00f3d le\u015bnych i sosny. Kwiaty s\u0105 przewa\u017cnie w kolorze \u015bredniozielonym, ale w naturalnym o\u015bwietleniu zewn\u0119trznym mo\u017cna zobaczy\u0107 pi\u0119kne fioletowe odcienie. Mam przyjemno\u015b\u0107 zaprezentowa\u0107 klientom te pi\u0119kne kwiaty. Dominacja Sativy &lt;0,2% THC.<\/p>","protected":false},"featured_media":6663,"comment_status":"closed","ping_status":"closed","template":"","meta":[],"product_brand":[75],"product_cat":[36,23],"product_tag":[],"class_list":{"0":"post-2196","1":"product","2":"type-product","3":"status-publish","4":"has-post-thumbnail","6":"product_brand-green-diamond","7":"product_cat-cbd-kvety","8":"product_cat-cbd","10":"first","11":"instock","12":"taxable","13":"shipping-taxable","14":"purchasable","15":"product-type-variable"},"_links":{"self":[{"href":"https:\/\/green-diamond.cz\/pl\/wp-json\/wp\/v2\/product\/2196","targetHints":{"allow":["GET"]}}],"collection":[{"href":"https:\/\/green-diamond.cz\/pl\/wp-json\/wp\/v2\/product"}],"about":[{"href":"https:\/\/green-diamond.cz\/pl\/wp-json\/wp\/v2\/types\/product"}],"replies":[{"embeddable":true,"href":"https:\/\/green-diamond.cz\/pl\/wp-json\/wp\/v2\/comments?post=2196"}],"version-history":[{"count":0,"href":"https:\/\/green-diamond.cz\/pl\/wp-json\/wp\/v2\/product\/2196\/revisions"}],"wp:featuredmedia":[{"embeddable":true,"href":"https:\/\/green-diamond.cz\/pl\/wp-json\/wp\/v2\/media\/6663"}],"wp:attachment":[{"href":"https:\/\/green-diamond.cz\/pl\/wp-json\/wp\/v2\/media?parent=2196"}],"wp:term":[{"taxonomy":"product_brand","embeddable":true,"href":"https:\/\/green-diamond.cz\/pl\/wp-json\/wp\/v2\/product_brand?post=2196"},{"taxonomy":"product_cat","embeddable":true,"href":"https:\/\/green-diamond.cz\/pl\/wp-json\/wp\/v2\/product_cat?post=2196"},{"taxonomy":"product_tag","embeddable":true,"href":"https:\/\/green-diamond.cz\/pl\/wp-json\/wp\/v2\/product_tag?post=2196"}],"curies":[{"name":"wp","href":"https:\/\/api.w.org\/{rel}","templated":true}]}}