{"id":2176,"date":"2024-02-19T11:07:32","date_gmt":"2024-02-19T10:07:32","guid":{"rendered":"https:\/\/green-diamond.cz\/domains\/green-diamond.cz\/domains\/green-diamond.online-marketing-expert.cz\/?post_type=product&#038;p=2176"},"modified":"2025-10-17T07:12:56","modified_gmt":"2025-10-17T05:12:56","slug":"ctyrdilna-drticka-na-bylinky-aerospaced-50-mm","status":"publish","type":"product","link":"https:\/\/green-diamond.cz\/pl\/produkt\/ctyrdilna-drticka-na-bylinky-aerospaced-50-mm\/","title":{"rendered":"Higher Standards Czterocz\u0119\u015bciowy m\u0142ynek do zi\u00f3\u0142 Aerospaced, 50 mm"},"content":{"rendered":"<h3>Aerospaced czterocz\u0119\u015bciowy m\u0142ynek do zi\u00f3\u0142<\/h3>\n<ul>\n<li>\u0141apacz py\u0142k\u00f3w<\/li>\n<li>Dolna komora do zbierania py\u0142ku<\/li>\n<li>Trwa\u0142e aluminium lotnicze z anodowanym wyko\u0144czeniem<\/li>\n<li>Ostre no\u017ce<\/li>\n<li>Os\u0142ona magnetyczna z silnym magnesem<\/li>\n<li>Precyzyjne kruszenie<\/li>\n<li>\u015arednica 50mm<\/li>\n<\/ul>","protected":false},"excerpt":{"rendered":"<h1>Aerospaced czterocz\u0119\u015bciowy m\u0142ynek do zi\u00f3\u0142<\/h1>\n<p>Wszystkie cz\u0119\u015bci tej niszczarki s\u0105 wykonane z jednego litego bloku aluminium lotniczego i anodowane w celu zapewnienia d\u0142ugiej \u017cywotno\u015bci. M\u0142ynek wyposa\u017cony jest w zintegrowany \u0142apacz py\u0142k\u00f3w, kt\u00f3ry wy\u0142apuje nawet najmniejsze cz\u0105steczki ze zmielonych zi\u00f3\u0142.<\/p>","protected":false},"featured_media":6687,"comment_status":"closed","ping_status":"closed","template":"","meta":[],"product_brand":[79],"product_cat":[25],"product_tag":[],"class_list":{"0":"post-2176","1":"product","2":"type-product","3":"status-publish","4":"has-post-thumbnail","6":"product_brand-higher-standards","7":"product_cat-prislusenstvi","9":"first","10":"instock","11":"taxable","12":"shipping-taxable","13":"purchasable","14":"product-type-variable"},"_links":{"self":[{"href":"https:\/\/green-diamond.cz\/pl\/wp-json\/wp\/v2\/product\/2176","targetHints":{"allow":["GET"]}}],"collection":[{"href":"https:\/\/green-diamond.cz\/pl\/wp-json\/wp\/v2\/product"}],"about":[{"href":"https:\/\/green-diamond.cz\/pl\/wp-json\/wp\/v2\/types\/product"}],"replies":[{"embeddable":true,"href":"https:\/\/green-diamond.cz\/pl\/wp-json\/wp\/v2\/comments?post=2176"}],"version-history":[{"count":0,"href":"https:\/\/green-diamond.cz\/pl\/wp-json\/wp\/v2\/product\/2176\/revisions"}],"wp:featuredmedia":[{"embeddable":true,"href":"https:\/\/green-diamond.cz\/pl\/wp-json\/wp\/v2\/media\/6687"}],"wp:attachment":[{"href":"https:\/\/green-diamond.cz\/pl\/wp-json\/wp\/v2\/media?parent=2176"}],"wp:term":[{"taxonomy":"product_brand","embeddable":true,"href":"https:\/\/green-diamond.cz\/pl\/wp-json\/wp\/v2\/product_brand?post=2176"},{"taxonomy":"product_cat","embeddable":true,"href":"https:\/\/green-diamond.cz\/pl\/wp-json\/wp\/v2\/product_cat?post=2176"},{"taxonomy":"product_tag","embeddable":true,"href":"https:\/\/green-diamond.cz\/pl\/wp-json\/wp\/v2\/product_tag?post=2176"}],"curies":[{"name":"wp","href":"https:\/\/api.w.org\/{rel}","templated":true}]}}