{"id":2172,"date":"2024-02-19T10:30:48","date_gmt":"2024-02-19T09:30:48","guid":{"rendered":"https:\/\/green-diamond.cz\/domains\/green-diamond.cz\/domains\/green-diamond.online-marketing-expert.cz\/?post_type=product&#038;p=2172"},"modified":"2025-10-17T07:13:54","modified_gmt":"2025-10-17T05:13:54","slug":"vip-filtry-rolls-slim-50-ks-7-mm","status":"publish","type":"product","link":"https:\/\/green-diamond.cz\/pl\/produkt\/vip-filtry-rolls-slim-50-ks-7-mm\/","title":{"rendered":"Rolls 69 VIP filtry \u2013 Slim, 50 szt., 7 mm"},"content":{"rendered":"<h3>VIP filtry Rolls &#8211; Slim<\/h3>\n<ul>\n<li>Zapobiega wdychaniu gor\u0105cego dymu<\/li>\n<li>Usuwaj\u0105 szkodliwe substancje<\/li>\n<li>50 ks<\/li>\n<li>7 mm<\/li>\n<\/ul>","protected":false},"excerpt":{"rendered":"<h1>VIP filtry Rolls \u2013 Slim, 50 ks, 7mm<\/h1>\n<p>Te specjalnie zaprojektowane filtry firmy Rolls to tak zwane filtry inteligentne. Zapobiegaj\u0105 wdychaniu gor\u0105cego dymu i eliminuj\u0105 szkodliwe substancje powstaj\u0105ce podczas palenia. Specjalne rowki sch\u0142adzaj\u0105 dym przy ka\u017cdym zaci\u0105gni\u0119ciu. Dzi\u0119ki unikalnym otworom w poszczeg\u00f3lnych filtrach powstaje podci\u015bnienie, kt\u00f3re niezawodnie zasysa papier na ca\u0142ym obwodzie.<\/p>","protected":false},"featured_media":6688,"comment_status":"closed","ping_status":"closed","template":"","meta":[],"product_brand":[80],"product_cat":[25],"product_tag":[],"class_list":{"0":"post-2172","1":"product","2":"type-product","3":"status-publish","4":"has-post-thumbnail","6":"product_brand-rolls-69","7":"product_cat-prislusenstvi","9":"first","10":"instock","11":"taxable","12":"shipping-taxable","13":"purchasable","14":"product-type-simple"},"_links":{"self":[{"href":"https:\/\/green-diamond.cz\/pl\/wp-json\/wp\/v2\/product\/2172","targetHints":{"allow":["GET"]}}],"collection":[{"href":"https:\/\/green-diamond.cz\/pl\/wp-json\/wp\/v2\/product"}],"about":[{"href":"https:\/\/green-diamond.cz\/pl\/wp-json\/wp\/v2\/types\/product"}],"replies":[{"embeddable":true,"href":"https:\/\/green-diamond.cz\/pl\/wp-json\/wp\/v2\/comments?post=2172"}],"version-history":[{"count":0,"href":"https:\/\/green-diamond.cz\/pl\/wp-json\/wp\/v2\/product\/2172\/revisions"}],"wp:featuredmedia":[{"embeddable":true,"href":"https:\/\/green-diamond.cz\/pl\/wp-json\/wp\/v2\/media\/6688"}],"wp:attachment":[{"href":"https:\/\/green-diamond.cz\/pl\/wp-json\/wp\/v2\/media?parent=2172"}],"wp:term":[{"taxonomy":"product_brand","embeddable":true,"href":"https:\/\/green-diamond.cz\/pl\/wp-json\/wp\/v2\/product_brand?post=2172"},{"taxonomy":"product_cat","embeddable":true,"href":"https:\/\/green-diamond.cz\/pl\/wp-json\/wp\/v2\/product_cat?post=2172"},{"taxonomy":"product_tag","embeddable":true,"href":"https:\/\/green-diamond.cz\/pl\/wp-json\/wp\/v2\/product_tag?post=2172"}],"curies":[{"name":"wp","href":"https:\/\/api.w.org\/{rel}","templated":true}]}}