{"id":2158,"date":"2024-02-19T09:49:35","date_gmt":"2024-02-19T08:49:35","guid":{"rendered":"https:\/\/green-diamond.cz\/domains\/green-diamond.cz\/domains\/green-diamond.online-marketing-expert.cz\/?post_type=product&#038;p=2158"},"modified":"2025-10-17T07:14:48","modified_gmt":"2025-10-17T05:14:48","slug":"kovovy-popelnik-g-rolzz-ruzne-motivy","status":"publish","type":"product","link":"https:\/\/green-diamond.cz\/pl\/produkt\/kovovy-popelnik-g-rolzz-ruzne-motivy\/","title":{"rendered":"G-ROLLZ \u2013 Metalowa popielniczka \u2013 R\u00f3\u017cne wzory"},"content":{"rendered":"<h3>Popielniczka metalowa G-Rolzz<\/h3>\n<ul>\n<li>Oryginalny motyw<\/li>\n<li>Kod autentyczno\u015bci<\/li>\n<li>\u015arednica: 13,5 cm<\/li>\n<li>Wykonane z najwy\u017cszej jako\u015bci metalu<\/li>\n<\/ul>","protected":false},"excerpt":{"rendered":"<h1>Popielniczka metalowa G-Rolzz - R\u00f3\u017cne motywy<\/h1>\n<p>Lekka, \u0142atwo przeno\u015bna popielniczka wykonana z najwy\u017cszej jako\u015bci metalu i z oryginalnym motywem, wyposa\u017cona w 4 przegr\u00f3dki na papierosy. Autentyczno\u015b\u0107 ka\u017cdej popielniczki mo\u017cna zweryfikowa\u0107 poprzez zeskanowanie kodu autentyczno\u015bci.<\/p>","protected":false},"featured_media":6689,"comment_status":"closed","ping_status":"closed","template":"","meta":[],"product_brand":[81],"product_cat":[25],"product_tag":[],"class_list":{"0":"post-2158","1":"product","2":"type-product","3":"status-publish","4":"has-post-thumbnail","6":"product_brand-g-rollz","7":"product_cat-prislusenstvi","9":"first","10":"instock","11":"taxable","12":"shipping-taxable","13":"purchasable","14":"product-type-variable"},"_links":{"self":[{"href":"https:\/\/green-diamond.cz\/pl\/wp-json\/wp\/v2\/product\/2158","targetHints":{"allow":["GET"]}}],"collection":[{"href":"https:\/\/green-diamond.cz\/pl\/wp-json\/wp\/v2\/product"}],"about":[{"href":"https:\/\/green-diamond.cz\/pl\/wp-json\/wp\/v2\/types\/product"}],"replies":[{"embeddable":true,"href":"https:\/\/green-diamond.cz\/pl\/wp-json\/wp\/v2\/comments?post=2158"}],"version-history":[{"count":0,"href":"https:\/\/green-diamond.cz\/pl\/wp-json\/wp\/v2\/product\/2158\/revisions"}],"wp:featuredmedia":[{"embeddable":true,"href":"https:\/\/green-diamond.cz\/pl\/wp-json\/wp\/v2\/media\/6689"}],"wp:attachment":[{"href":"https:\/\/green-diamond.cz\/pl\/wp-json\/wp\/v2\/media?parent=2158"}],"wp:term":[{"taxonomy":"product_brand","embeddable":true,"href":"https:\/\/green-diamond.cz\/pl\/wp-json\/wp\/v2\/product_brand?post=2158"},{"taxonomy":"product_cat","embeddable":true,"href":"https:\/\/green-diamond.cz\/pl\/wp-json\/wp\/v2\/product_cat?post=2158"},{"taxonomy":"product_tag","embeddable":true,"href":"https:\/\/green-diamond.cz\/pl\/wp-json\/wp\/v2\/product_tag?post=2158"}],"curies":[{"name":"wp","href":"https:\/\/api.w.org\/{rel}","templated":true}]}}