{"id":2138,"date":"2024-02-18T19:51:20","date_gmt":"2024-02-18T18:51:20","guid":{"rendered":"https:\/\/green-diamond.cz\/domains\/green-diamond.cz\/domains\/green-diamond.online-marketing-expert.cz\/?post_type=product&#038;p=2138"},"modified":"2025-10-19T08:58:31","modified_gmt":"2025-10-19T06:58:31","slug":"cbd-kapky-pro-muze-yaman-15","status":"publish","type":"product","link":"https:\/\/green-diamond.cz\/pl\/produkt\/cbd-kapky-pro-muze-yaman-15\/","title":{"rendered":"Green Diamond Yaman \u2013 CBD kapky pro mu\u017ee 15\u202f%"},"content":{"rendered":"<h3>CBD krople yaman 15%<\/h3>\n<p>CBD i jego potencjalne korzy\u015bci zdrowotne: \u0142agodzenie b\u00f3lu, \u0142agodzenie stan\u00f3w zapalnych, \u0142agodzenie l\u0119ku, depresja i wspomaganie snu.<\/p>\n<ul>\n<li><strong>Kakost<\/strong> - obs\u0142uguje <strong>leczenie niep\u0142odno\u015bci<\/strong>, oczyszcza organizm, pomaga przy problemach trawiennych. Pozytywnie wp\u0142ywa na prac\u0119 nerek i dr\u00f3g moczowych. Dzia\u0142a przeciwzapalnie na b\u0142on\u0119 \u015bluzow\u0105 jamy ustnej i nie tylko.<\/li>\n<li><strong>Karbinec (Lycopus europaeus)<\/strong> \u2013 Stosowany w leczeniu nadczynno\u015bci tarczycy i zwi\u0105zanych z ni\u0105 objaw\u00f3w nerwowo\u015bci i ko\u0142atania serca. Ma dzia\u0142anie uspokajaj\u0105ce i jest skuteczny przeciwko bakteriom jelitowym. Og\u00f3lnie uspokaja i poprawia sen.<\/li>\n<li><strong>Buzdyganek Naziemny<\/strong> \u2013 Ma zdolno\u015bci <strong>zwi\u0119kszaj\u0105 poziom testosteronu u m\u0119\u017cczyzn nawet o 30%<\/strong>. Znacz\u0105co zwi\u0119ksza libido seksualne i <strong>zwi\u0119ksza potencj\u0119<\/strong>. To <strong>pomaga na niep\u0142odno\u015b\u0107 m\u0119sk\u0105<\/strong>, <strong>przerost prostaty<\/strong> i leczeniu wysokiego poziomu cholesterolu.<\/li>\n<li><strong>Rozmaryn<\/strong> - odpowiedni na kaszel, astm\u0119, ko\u0142atanie serca, <strong>nerwowo\u015b\u0107<\/strong>, <strong>bezsenno\u015b\u0107 i migren\u0119<\/strong>. Pozytywnie wspomaga tak\u017ce prac\u0119 w\u0105troby. Wspomaga uk\u0142ad odporno\u015bciowy, usprawniaj\u0105c tym samym mechanizmy obronne organizmu. Dzia\u0142a antyoksydacyjnie i od\u015bwie\u017ca organizm. Normalizuje prac\u0119 nerek, harmonizuje trawienie i korzystnie wp\u0142ywa na prac\u0119 w\u0105troby.<\/li>\n<li><strong>Imbir<\/strong> \u2013 Imbir to naturalny lek na wszystko dzi\u0119ki swoim w\u0142a\u015bciwo\u015bciom antybakteryjnym i przeciwzapalnym. Pomaga na przezi\u0119bienia, <strong>migrenach, b\u00f3lach g\u0142owy<\/strong> i <strong>obni\u017ca poziom cholesterolu<\/strong>.<\/li>\n<\/ul>\n<p>Zawarto\u015b\u0107 oleju konopnego: kannabinoidy, terpeny, flawonoidy, kwasy t\u0142uszczowe omega-3 i omega-6, witaminy i minera\u0142y.<\/p>","protected":false},"excerpt":{"rendered":"<h1>Krople CBD dla m\u0119\u017cczyzn Yaman 15%<\/h1>\n<p>Zio\u0142owy olejek dla m\u0119\u017cczyzn z ekstraktem z konopi (15% CBD), z olejem konopnym i ekstraktami z Kakostu, Carbinca, Kotvicnika, Rozmarynu i Imbiru.<\/p>","protected":false},"featured_media":6655,"comment_status":"open","ping_status":"closed","template":"","meta":[],"product_brand":[75],"product_cat":[23,24],"product_tag":[],"class_list":{"0":"post-2138","1":"product","2":"type-product","3":"status-publish","4":"has-post-thumbnail","6":"product_brand-green-diamond","7":"product_cat-cbd","8":"product_cat-cbd-oleje-a-kapky","10":"first","11":"instock","12":"taxable","13":"shipping-taxable","14":"purchasable","15":"product-type-simple"},"_links":{"self":[{"href":"https:\/\/green-diamond.cz\/pl\/wp-json\/wp\/v2\/product\/2138","targetHints":{"allow":["GET"]}}],"collection":[{"href":"https:\/\/green-diamond.cz\/pl\/wp-json\/wp\/v2\/product"}],"about":[{"href":"https:\/\/green-diamond.cz\/pl\/wp-json\/wp\/v2\/types\/product"}],"replies":[{"embeddable":true,"href":"https:\/\/green-diamond.cz\/pl\/wp-json\/wp\/v2\/comments?post=2138"}],"version-history":[{"count":0,"href":"https:\/\/green-diamond.cz\/pl\/wp-json\/wp\/v2\/product\/2138\/revisions"}],"wp:featuredmedia":[{"embeddable":true,"href":"https:\/\/green-diamond.cz\/pl\/wp-json\/wp\/v2\/media\/6655"}],"wp:attachment":[{"href":"https:\/\/green-diamond.cz\/pl\/wp-json\/wp\/v2\/media?parent=2138"}],"wp:term":[{"taxonomy":"product_brand","embeddable":true,"href":"https:\/\/green-diamond.cz\/pl\/wp-json\/wp\/v2\/product_brand?post=2138"},{"taxonomy":"product_cat","embeddable":true,"href":"https:\/\/green-diamond.cz\/pl\/wp-json\/wp\/v2\/product_cat?post=2138"},{"taxonomy":"product_tag","embeddable":true,"href":"https:\/\/green-diamond.cz\/pl\/wp-json\/wp\/v2\/product_tag?post=2138"}],"curies":[{"name":"wp","href":"https:\/\/api.w.org\/{rel}","templated":true}]}}