{"id":2135,"date":"2024-02-18T19:50:22","date_gmt":"2024-02-18T18:50:22","guid":{"rendered":"https:\/\/green-diamond.cz\/domains\/green-diamond.cz\/domains\/green-diamond.online-marketing-expert.cz\/?post_type=product&#038;p=2135"},"modified":"2026-04-19T17:52:45","modified_gmt":"2026-04-19T15:52:45","slug":"cbd-kapky-pro-zeny-yawoman-15","status":"publish","type":"product","link":"https:\/\/green-diamond.cz\/pl\/produkt\/cbd-kapky-pro-zeny-yawoman-15\/","title":{"rendered":"Green Diamond Yawoman \u2013 CBD kapky pro \u017eeny 15\u202f%"},"content":{"rendered":"<h3>Krople CBD dla kobiet yawoman 15 %<\/h3>\n<p>CBD i jego potencjalne korzy\u015bci zdrowotne: \u0142agodzenie b\u00f3lu, \u0142agodzenie stan\u00f3w zapalnych, \u0142agodzenie l\u0119ku, depresja i wspomaganie snu.<\/p>\n<ul>\n<li><strong>Dobromysl ( Oregano )<\/strong> wspomaga trawienie, drogi oddechowe, uk\u0142ad odporno\u015bciowy i <strong>laktacj\u0119<\/strong>. Dzia\u0142a antyoksydacyjnie i przyczynia si\u0119 do prawid\u0142owego funkcjonowania uk\u0142adu sercowo-naczyniowego, p\u0119cherzyka \u017c\u00f3\u0142ciowego i w\u0105troby.<\/li>\n<li><strong>Damiana<\/strong> pomaga utrzyma\u0107 optymalny poziom cukru we krwi, \u0142agodzi stres i og\u00f3lne samopoczucie psychiczne. Korzystnie wp\u0142ywa tak\u017ce na funkcje poznawcze.<\/li>\n<li><strong>Jasnota r\u00f3\u017cowa<\/strong> nale\u017cy do <strong>zi\u00f3\u0142 kobiecych<\/strong>. Ma pozytywny wp\u0142yw na <strong>cykl miesi\u0105czkowy<\/strong> i jest r\u00f3wnie\u017c skuteczny w <strong>z nadmiernym krwawieniem miesi\u0105czkowym<\/strong>.<\/li>\n<li><strong>Tasznik<\/strong> \u2013 To dobrze znane zio\u0142o korzystnie wp\u0142ywa na zdrowie \u017ce\u0144skich narz\u0105d\u00f3w p\u0142ciowych, przyczyniaj\u0105c si\u0119 do <strong>komfortu menstruacyjnego<\/strong>, wspomaga uk\u0142ad sercowo-naczyniowy oraz prawid\u0142owy stan sk\u00f3ry i dr\u00f3g moczowych.<\/li>\n<li><strong>Przywrotnik<\/strong> ma naukowo udowodnione dzia\u0142anie na <strong>zdrowie intymne kobiet<\/strong>, takie jak pomoc w <strong>bolesnych miesi\u0105czkach<\/strong>, nadmierne krwawienie i promowanie komfortu menopauzalnego.<\/li>\n<\/ul>\n<p>Zawarto\u015b\u0107 oleju konopnego: kannabinoidy, terpeny, flawonoidy, kwasy t\u0142uszczowe omega-3 i omega-6, witaminy i minera\u0142y.<\/p>","protected":false},"excerpt":{"rendered":"<h1>Krople CBD dla kobiet - Yawoman 15%<\/h1>\n<p>Olejek zio\u0142owy opracowany specjalnie dla kobiet z ekstraktem z konopi (15% CBD), olejem konopnym i ekstraktami z Dobromy\u0161la, Dami\u00e1na, Hluchavki, Koko\u0161ki i Kontryhele.<\/p>","protected":false},"featured_media":6656,"comment_status":"open","ping_status":"closed","template":"","meta":[],"product_brand":[75],"product_cat":[23,24],"product_tag":[],"class_list":{"0":"post-2135","1":"product","2":"type-product","3":"status-publish","4":"has-post-thumbnail","6":"product_brand-green-diamond","7":"product_cat-cbd","8":"product_cat-cbd-oleje-a-kapky","10":"first","11":"instock","12":"taxable","13":"shipping-taxable","14":"purchasable","15":"product-type-simple"},"_links":{"self":[{"href":"https:\/\/green-diamond.cz\/pl\/wp-json\/wp\/v2\/product\/2135","targetHints":{"allow":["GET"]}}],"collection":[{"href":"https:\/\/green-diamond.cz\/pl\/wp-json\/wp\/v2\/product"}],"about":[{"href":"https:\/\/green-diamond.cz\/pl\/wp-json\/wp\/v2\/types\/product"}],"replies":[{"embeddable":true,"href":"https:\/\/green-diamond.cz\/pl\/wp-json\/wp\/v2\/comments?post=2135"}],"version-history":[{"count":0,"href":"https:\/\/green-diamond.cz\/pl\/wp-json\/wp\/v2\/product\/2135\/revisions"}],"wp:featuredmedia":[{"embeddable":true,"href":"https:\/\/green-diamond.cz\/pl\/wp-json\/wp\/v2\/media\/6656"}],"wp:attachment":[{"href":"https:\/\/green-diamond.cz\/pl\/wp-json\/wp\/v2\/media?parent=2135"}],"wp:term":[{"taxonomy":"product_brand","embeddable":true,"href":"https:\/\/green-diamond.cz\/pl\/wp-json\/wp\/v2\/product_brand?post=2135"},{"taxonomy":"product_cat","embeddable":true,"href":"https:\/\/green-diamond.cz\/pl\/wp-json\/wp\/v2\/product_cat?post=2135"},{"taxonomy":"product_tag","embeddable":true,"href":"https:\/\/green-diamond.cz\/pl\/wp-json\/wp\/v2\/product_tag?post=2135"}],"curies":[{"name":"wp","href":"https:\/\/api.w.org\/{rel}","templated":true}]}}