{"id":2112,"date":"2024-02-18T12:12:37","date_gmt":"2024-02-18T11:12:37","guid":{"rendered":"https:\/\/green-diamond.cz\/domains\/green-diamond.cz\/domains\/green-diamond.online-marketing-expert.cz\/?post_type=product&#038;p=2112"},"modified":"2025-10-17T07:09:24","modified_gmt":"2025-10-17T05:09:24","slug":"g-rollz-joint-g-tube-amsterdam","status":"publish","type":"product","link":"https:\/\/green-diamond.cz\/pl\/produkt\/g-rollz-joint-g-tube-amsterdam\/","title":{"rendered":"G-ROLLZ Joint G-tube Amsterdam"},"content":{"rendered":"<h3>G-ROLLZ Joint G-tube Amsterdam<\/h3>\n<ul>\n<li>Wykonane z wysokiej jako\u015bci, utwardzanego tworzywa sztucznego<\/li>\n<li>Nie wydziela zapach\u00f3w<\/li>\n<\/ul>","protected":false},"excerpt":{"rendered":"<h1>G-ROLLZ Joint G-tube Amsterdam<\/h1>\n<p>Wysokiej jako\u015bci etui na Twoje zio\u0142owe papierosy w r\u00f3\u017cnych kolorach - G-ROLLZ Joint G-tube Amsterdam.<\/p>","protected":false},"featured_media":6684,"comment_status":"closed","ping_status":"closed","template":"","meta":[],"product_brand":[81],"product_cat":[25],"product_tag":[],"class_list":{"0":"post-2112","1":"product","2":"type-product","3":"status-publish","4":"has-post-thumbnail","6":"product_brand-g-rollz","7":"product_cat-prislusenstvi","9":"first","10":"instock","11":"taxable","12":"shipping-taxable","13":"purchasable","14":"product-type-variable"},"_links":{"self":[{"href":"https:\/\/green-diamond.cz\/pl\/wp-json\/wp\/v2\/product\/2112","targetHints":{"allow":["GET"]}}],"collection":[{"href":"https:\/\/green-diamond.cz\/pl\/wp-json\/wp\/v2\/product"}],"about":[{"href":"https:\/\/green-diamond.cz\/pl\/wp-json\/wp\/v2\/types\/product"}],"replies":[{"embeddable":true,"href":"https:\/\/green-diamond.cz\/pl\/wp-json\/wp\/v2\/comments?post=2112"}],"version-history":[{"count":0,"href":"https:\/\/green-diamond.cz\/pl\/wp-json\/wp\/v2\/product\/2112\/revisions"}],"wp:featuredmedia":[{"embeddable":true,"href":"https:\/\/green-diamond.cz\/pl\/wp-json\/wp\/v2\/media\/6684"}],"wp:attachment":[{"href":"https:\/\/green-diamond.cz\/pl\/wp-json\/wp\/v2\/media?parent=2112"}],"wp:term":[{"taxonomy":"product_brand","embeddable":true,"href":"https:\/\/green-diamond.cz\/pl\/wp-json\/wp\/v2\/product_brand?post=2112"},{"taxonomy":"product_cat","embeddable":true,"href":"https:\/\/green-diamond.cz\/pl\/wp-json\/wp\/v2\/product_cat?post=2112"},{"taxonomy":"product_tag","embeddable":true,"href":"https:\/\/green-diamond.cz\/pl\/wp-json\/wp\/v2\/product_tag?post=2112"}],"curies":[{"name":"wp","href":"https:\/\/api.w.org\/{rel}","templated":true}]}}