{"id":2105,"date":"2024-02-18T08:22:41","date_gmt":"2024-02-18T07:22:41","guid":{"rendered":"https:\/\/green-diamond.cz\/domains\/green-diamond.cz\/domains\/green-diamond.online-marketing-expert.cz\/?post_type=product&#038;p=2105"},"modified":"2025-10-17T07:10:22","modified_gmt":"2025-10-17T05:10:22","slug":"g-rollz-box","status":"publish","type":"product","link":"https:\/\/green-diamond.cz\/pl\/produkt\/g-rollz-box\/","title":{"rendered":"G-ROLLZ Box"},"content":{"rendered":"<h3>G-ROLLZ Metalowe pude\u0142ko do przechowywania<\/h3>\n<ul>\n<li>Wymiary 12 x 4 x 2.5cm<\/li>\n<\/ul>","protected":false},"excerpt":{"rendered":"<h1>G-ROLLZ Box<\/h1>\n<p>Pod\u0142u\u017cne, praktyczne, metalowe pude\u0142ko G-Rollz w r\u00f3\u017cnych wariantach. Nadaje si\u0119 na przyk\u0142ad do przechowywania ulubionych bylin i innych potrzebnych rzeczy.<\/p>","protected":false},"featured_media":6685,"comment_status":"closed","ping_status":"closed","template":"","meta":[],"product_brand":[81],"product_cat":[25],"product_tag":[],"class_list":{"0":"post-2105","1":"product","2":"type-product","3":"status-publish","4":"has-post-thumbnail","6":"product_brand-g-rollz","7":"product_cat-prislusenstvi","9":"first","10":"instock","11":"taxable","12":"shipping-taxable","13":"purchasable","14":"product-type-variable"},"_links":{"self":[{"href":"https:\/\/green-diamond.cz\/pl\/wp-json\/wp\/v2\/product\/2105","targetHints":{"allow":["GET"]}}],"collection":[{"href":"https:\/\/green-diamond.cz\/pl\/wp-json\/wp\/v2\/product"}],"about":[{"href":"https:\/\/green-diamond.cz\/pl\/wp-json\/wp\/v2\/types\/product"}],"replies":[{"embeddable":true,"href":"https:\/\/green-diamond.cz\/pl\/wp-json\/wp\/v2\/comments?post=2105"}],"version-history":[{"count":0,"href":"https:\/\/green-diamond.cz\/pl\/wp-json\/wp\/v2\/product\/2105\/revisions"}],"wp:featuredmedia":[{"embeddable":true,"href":"https:\/\/green-diamond.cz\/pl\/wp-json\/wp\/v2\/media\/6685"}],"wp:attachment":[{"href":"https:\/\/green-diamond.cz\/pl\/wp-json\/wp\/v2\/media?parent=2105"}],"wp:term":[{"taxonomy":"product_brand","embeddable":true,"href":"https:\/\/green-diamond.cz\/pl\/wp-json\/wp\/v2\/product_brand?post=2105"},{"taxonomy":"product_cat","embeddable":true,"href":"https:\/\/green-diamond.cz\/pl\/wp-json\/wp\/v2\/product_cat?post=2105"},{"taxonomy":"product_tag","embeddable":true,"href":"https:\/\/green-diamond.cz\/pl\/wp-json\/wp\/v2\/product_tag?post=2105"}],"curies":[{"name":"wp","href":"https:\/\/api.w.org\/{rel}","templated":true}]}}