{"id":1979,"date":"2024-02-05T07:02:09","date_gmt":"2024-02-05T06:02:09","guid":{"rendered":"https:\/\/green-diamond.cz\/domains\/green-diamond.cz\/domains\/green-diamond.online-marketing-expert.cz\/?post_type=product&#038;p=1979"},"modified":"2025-10-17T07:20:29","modified_gmt":"2025-10-17T05:20:29","slug":"darkovy-poukaz","status":"publish","type":"product","link":"https:\/\/green-diamond.cz\/pl\/produkt\/darkovy-poukaz\/","title":{"rendered":"Green Diamond \u2013 Bon podarunkowy na zakupy w sklepie CBD"},"content":{"rendered":"<h3>Kupon na prezent<\/h3>\n<ul>\n<li>Bon upominkowy o warto\u015bci 500, 1000 lub 1500 CZK<\/li>\n<li>Wykonane z najwy\u017cszej jako\u015bci papieru kredowego i dostarczane w eleganckim pude\u0142ku prezentowym<\/li>\n<li>Kupon mo\u017cna zastosowa\u0107 na wszystkie towary w naszym sklepie internetowym, a poszczeg\u00f3lne kupony mo\u017cna \u0142\u0105czy\u0107<\/li>\n<li>Voucher jest wa\u017cny przez 1 rok od daty zakupu, wi\u0119c obdarowana osoba b\u0119dzie mia\u0142a wystarczaj\u0105co du\u017co czasu na jego wykorzystanie<\/li>\n<\/ul>","protected":false},"excerpt":{"rendered":"<p>Spraw rado\u015b\u0107 swoim bliskim i otw\u00f3rz drzwi do naturalnego dobrego samopoczucia, zdrowia i relaksu. Dzi\u0119ki kuponowi upominkowemu do naszej oazy CBD mog\u0105 wybra\u0107 to, co im si\u0119 najbardziej<span style=\"font-size: 16px; font-style: normal; font-weight: 400;\">\u00a0<\/span><span style=\"font-size: 16px; font-style: normal; font-weight: 400;\">podoba<\/span><span style=\"font-size: 16px; font-style: normal; font-weight: 400;\">\u00a0<\/span><span style=\"font-size: 16px;\">. Wa\u017cno\u015b\u0107 kuponu gwarantuje, \u017ce mo\u017cesz cieszy\u0107 si\u0119 zakupem przez ca\u0142y rok, wi\u0119c nie musisz si\u0119 martwi\u0107, \u017ce przegapisz. Podaruj im spos\u00f3b na relaks i dobre samopoczucie dzi\u0119ki naszemu autorskiemu prezentowi!<\/span><\/p>","protected":false},"featured_media":6692,"comment_status":"closed","ping_status":"closed","template":"","meta":[],"product_brand":[75],"product_cat":[15],"product_tag":[],"class_list":{"0":"post-1979","1":"product","2":"type-product","3":"status-publish","4":"has-post-thumbnail","6":"product_brand-green-diamond","7":"product_cat-nezarazene","9":"first","10":"instock","11":"taxable","12":"shipping-taxable","13":"purchasable","14":"product-type-variable"},"_links":{"self":[{"href":"https:\/\/green-diamond.cz\/pl\/wp-json\/wp\/v2\/product\/1979","targetHints":{"allow":["GET"]}}],"collection":[{"href":"https:\/\/green-diamond.cz\/pl\/wp-json\/wp\/v2\/product"}],"about":[{"href":"https:\/\/green-diamond.cz\/pl\/wp-json\/wp\/v2\/types\/product"}],"replies":[{"embeddable":true,"href":"https:\/\/green-diamond.cz\/pl\/wp-json\/wp\/v2\/comments?post=1979"}],"version-history":[{"count":0,"href":"https:\/\/green-diamond.cz\/pl\/wp-json\/wp\/v2\/product\/1979\/revisions"}],"wp:featuredmedia":[{"embeddable":true,"href":"https:\/\/green-diamond.cz\/pl\/wp-json\/wp\/v2\/media\/6692"}],"wp:attachment":[{"href":"https:\/\/green-diamond.cz\/pl\/wp-json\/wp\/v2\/media?parent=1979"}],"wp:term":[{"taxonomy":"product_brand","embeddable":true,"href":"https:\/\/green-diamond.cz\/pl\/wp-json\/wp\/v2\/product_brand?post=1979"},{"taxonomy":"product_cat","embeddable":true,"href":"https:\/\/green-diamond.cz\/pl\/wp-json\/wp\/v2\/product_cat?post=1979"},{"taxonomy":"product_tag","embeddable":true,"href":"https:\/\/green-diamond.cz\/pl\/wp-json\/wp\/v2\/product_tag?post=1979"}],"curies":[{"name":"wp","href":"https:\/\/api.w.org\/{rel}","templated":true}]}}