{"id":12,"date":"2023-11-23T12:00:37","date_gmt":"2023-11-23T11:00:37","guid":{"rendered":"https:\/\/green-diamond.cz\/domains\/green-diamond.cz\/domains\/green-diamond.online-marketing-expert.cz\/muj-ucet\/"},"modified":"2025-10-07T08:46:37","modified_gmt":"2025-10-07T06:46:37","slug":"muj-ucet","status":"publish","type":"page","link":"https:\/\/green-diamond.cz\/pl\/muj-ucet\/","title":{"rendered":"Moje konto"},"content":{"rendered":"<div data-elementor-type=\"wp-page\" data-elementor-id=\"12\" class=\"elementor elementor-12\" data-elementor-post-type=\"page\">\n\t\t\t\t<div class=\"elementor-element elementor-element-bf5e61f e-flex e-con-boxed e-con e-parent\" data-id=\"bf5e61f\" data-element_type=\"container\" data-e-type=\"container\">\n\t\t\t\t\t<div class=\"e-con-inner\">\n\t\t\t\t<div class=\"elementor-element elementor-element-8247a7b elementor-widget elementor-widget-heading\" data-id=\"8247a7b\" data-element_type=\"widget\" data-e-type=\"widget\" data-widget_type=\"heading.default\">\n\t\t\t\t\t<h1 class=\"elementor-heading-title elementor-size-default\">Moje konto<\/h1>\t\t\t\t<\/div>\n\t\t\t\t<div class=\"elementor-element elementor-element-40cb4ec e-my-account-tabs-vertical elementor-widget elementor-widget-woocommerce-my-account\" data-id=\"40cb4ec\" data-element_type=\"widget\" data-e-type=\"widget\" data-settings=\"{&quot;customize_dashboard_check&quot;:&quot;yes&quot;}\" data-widget_type=\"woocommerce-my-account.default\">\n\t\t\t\t\t<div class=\"e-my-account-tab e-my-account-tab__\">\t\t\t<div class=\"woocommerce\"><\/div>\t\t<\/div>\n\t\t\t\t\t\t<\/div>\n\t\t\t\t\t<\/div>\n\t\t\t\t<\/div>\n\t\t\t\t<\/div>","protected":false},"excerpt":{"rendered":"<p>M\u016fj \u00fa\u010det P\u0159ehled Objedn\u00e1vky Soubory ke sta\u017een\u00ed Adresy \u00dadaje o \u00fa\u010dtu Odhl\u00e1sit se Dobr\u00fd den, Radek Knittel (nejste Radek Knittel? Odhl\u00e1sit se) Na n\u00e1st\u011bnce sv\u00e9ho \u00fa\u010dtu si m\u016f\u017eete prohl\u00e9dnout sv\u00e9 ned\u00e1vn\u00e9 objedn\u00e1vky, upravit faktura\u010dn\u00ed a doru\u010dovac\u00ed adresy a zm\u011bnit sv\u00e9 heslo a osobn\u00ed informace.<\/p>","protected":false},"author":1,"featured_media":0,"parent":0,"menu_order":0,"comment_status":"closed","ping_status":"closed","template":"","meta":{"footnotes":""},"class_list":["post-12","page","type-page","status-publish","hentry"],"_links":{"self":[{"href":"https:\/\/green-diamond.cz\/pl\/wp-json\/wp\/v2\/pages\/12","targetHints":{"allow":["GET"]}}],"collection":[{"href":"https:\/\/green-diamond.cz\/pl\/wp-json\/wp\/v2\/pages"}],"about":[{"href":"https:\/\/green-diamond.cz\/pl\/wp-json\/wp\/v2\/types\/page"}],"author":[{"embeddable":true,"href":"https:\/\/green-diamond.cz\/pl\/wp-json\/wp\/v2\/users\/1"}],"replies":[{"embeddable":true,"href":"https:\/\/green-diamond.cz\/pl\/wp-json\/wp\/v2\/comments?post=12"}],"version-history":[{"count":0,"href":"https:\/\/green-diamond.cz\/pl\/wp-json\/wp\/v2\/pages\/12\/revisions"}],"wp:attachment":[{"href":"https:\/\/green-diamond.cz\/pl\/wp-json\/wp\/v2\/media?parent=12"}],"curies":[{"name":"wp","href":"https:\/\/api.w.org\/{rel}","templated":true}]}}